{"id":10672,"date":"2019-12-12T13:39:57","date_gmt":"2019-12-12T11:39:57","guid":{"rendered":"https:\/\/supyoga.cat\/condiciones-de-uso-formacion\/"},"modified":"2021-02-03T12:29:39","modified_gmt":"2021-02-03T10:29:39","slug":"condicions-us-formacio","status":"publish","type":"page","link":"https:\/\/supyoga.cat\/ca\/condicions-us-formacio\/","title":{"rendered":"Condicions d&#8217;\u00fas formaci\u00f3"},"content":{"rendered":"\t\t<div data-elementor-type=\"wp-post\" data-elementor-id=\"10672\" class=\"elementor elementor-10672 elementor-10667\">\n\t\t\t\t\t\t<section data-exad-particle-enable=\"false\" class=\"elementor-section elementor-top-section elementor-element elementor-element-69291e7c elementor-section-boxed elementor-section-height-default elementor-section-height-default exad-parallax-effect-no exad-background-color-change-no exad-glass-effect-no exad-sticky-section-no\" data-id=\"69291e7c\" data-element_type=\"section\" data-e-type=\"section\">\n\t\t\t\t\t\t<div class=\"elementor-container elementor-column-gap-default\">\n\t\t\t\t\t<div class=\"elementor-column elementor-col-100 elementor-top-column elementor-element elementor-element-4f7a5ca4 exad-glass-effect-no exad-sticky-section-no\" data-id=\"4f7a5ca4\" data-element_type=\"column\" data-e-type=\"column\">\n\t\t\t<div class=\"elementor-widget-wrap elementor-element-populated\">\n\t\t\t\t\t\t<div class=\"elementor-element elementor-element-53ccf2c7 exad-sticky-section-no exad-glass-effect-no elementor-widget elementor-widget-text-editor\" data-id=\"53ccf2c7\" data-element_type=\"widget\" data-e-type=\"widget\" data-widget_type=\"text-editor.default\">\n\t\t\t\t<div class=\"elementor-widget-container\">\n\t\t\t\t\t\t\t\t\t<h5><b>Com inscriure&#8217;s?<\/b><\/h5><p>Els alumnes s&#8217;han d&#8217;inscriure de forma online.<\/p><p>Per inscriure&#8217;s a la formaci\u00f3 cal:<\/p><ul><li>Omplir el formulari d&#8217;inscripci\u00f3 degudament emplenat.<\/li><li>Abonar el total de la formaci\u00f3 triant el m\u00e8tode de pagament<\/li><\/ul><p>Quan rebem tota la documentaci\u00f3 i el pagament, el club confirmar\u00e1 i enviar\u00e1 la confirmaci\u00f3 de la pla\u00e7a.<\/p><h5><b><br \/>Qu\u00e8 inclou el preu del curs?<\/b><\/h5><ul><li>Manual de la formaci\u00f3<\/li><li>Diploma de la formaci\u00f3<\/li><li>Dietes dels quatre dies de la formaci\u00f3<\/li><li>Acc\u00e9s a les instal\u00b7lacions del Club Pat\u00ed de Vela Barcelona<\/li><li>Material t\u00e8cnic per desenvolupar la formaci\u00f3 (neopr\u00e8, taula de Paddle Surf amb rem)<\/li><\/ul><h5>\u00a0<\/h5><h5><b>Com puc cancel\u00b7lar o modificar una inscripci\u00f3 ?<\/b><\/h5><p><b>Cancelacions:<\/b><\/p><ul><li>No es retornar\u00e0 el pagament de la formaci\u00f3 sota cap concepte excepte:<ul><li>\u00a0Si la cancel\u00b7laci\u00f3 es per causes de for\u00e7a major que no permetin a l&#8217;estudiant realitzar o continuar la formaci\u00f3, haur\u00e0 de justificar-ho amb un document (metge, jur\u00eddic, &#8230;)<\/li><\/ul><\/li><\/ul><h5>\u00a0<\/h5><h5><b>Desenvolupament del curs:<\/b><\/h5><ul><li>Totes les classes s&#8217;imparteixen amb espanyol.<\/li><li>L&#8217;edat m\u00ednima per participar\u00a0 als nostres cursos \u00e9s de 18 anys<\/li><li>Els grups estar\u00e0n formats per un m\u00e0xim de 10 estudiants i un m\u00ednim de 3<\/li><\/ul><h5><b><br \/>Com pagar?<\/b><\/h5><p>L&#8217;alumne ha de pagar amb targeta a trav\u00e9s de la nostra p\u00e0gina web el total de la formaci\u00f3 (450 \u20ac).<\/p><p class=\"p1\"><strong><span class=\"s1\">Targeta de cr\u00e8dit:<br \/><\/span><\/strong><span class=\"s1\">Mitjan\u00e7ant la nostra p\u00e0gina web www.supyoga.cat ha de seleccionar el m\u00e8tode de pagament &#8220;Targeta de cr\u00e8dit (Stripe)&#8221; i introduir les dades necess\u00e0ries.<\/span><\/p><p class=\"p1\"><strong><span class=\"s1\">A terminis:<br \/><\/span><\/strong><span class=\"s1\">Mitjan\u00e7ant la nostra p\u00e0gina web www.supyoga.cat ha de seleccionar el m\u00e8tode de pagament &#8220;Pagament a terminis (Nom\u00e8s per a la formaci\u00f3 2020)&#8221; i introduir les dades necess\u00e0ries.<\/span><\/p><p class=\"p1\"><span class=\"s1\">L&#8217;alumne rebr\u00e0 un correu de &#8220;GoCardless&#8221; per poder finalitzar la sol\u00b7licitud del pagament a terminis. Centre SUP Ioga Catalunya utilitzar\u00e1 per realitzar els pagaments a terminis la plataforma &#8220;GoCardless&#8221; amb seu a Londres.<\/span><\/p><p class=\"p1\"><span class=\"s1\">Per poder realitzar el pagament a terminis caldr\u00e0 prestar a &#8220;GoCardless&#8221; les seg\u00fcents dades:<\/span><\/p><ul><li class=\"p1\"><span class=\"s1\">Nom i cognoms<\/span><\/li><li class=\"p1\"><span class=\"s1\">Adre\u00e7a<\/span><\/li><li class=\"p1\"><span class=\"s1\">NIF<\/span><\/li><li class=\"p1\"><span class=\"s1\">Tel\u00e8fon de contacte<\/span><\/li><li class=\"p1\"><span class=\"s1\">N\u00famero IBAN<\/span><\/li><\/ul><p class=\"p1\"><span class=\"s1\">El m\u00e0xim de terminis possibles per pagar la formaci\u00f3 ser\u00e0 de 3 mesos.<\/span><\/p><p class=\"p1\"><span class=\"s1\">Amb tot l&#8217;anterior esmentat l&#8217;usuari queda informat que Centre SUP Ioga Catalunya \u00e9s nom\u00e9s un intermediari entre el sol\u00b7licitant del pagament a terminis i la plataforma &#8220;GoCardless&#8221; podent aix\u00ed prendre qualsevol mesura legal que sigui necess\u00e0ria perqu\u00e8 es compleixin tots els pagaments a terminis .<\/span><\/p><h5>\u00a0<\/h5><h5><b>Seguro:<\/b><\/h5><p>Centre SUPYOGA Catalunya compta amb una asseguran\u00e7a de responsabilitat civil que cobreix qualsevol incident que passi en les seves instal\u00b7lacions o qualsevol accident que els estudiants poguessin patir durant les activitats organitzades per el nostre club<\/p>\t\t\t\t\t\t\t\t<\/div>\n\t\t\t\t<\/div>\n\t\t\t\t\t<\/div>\n\t\t<\/div>\n\t\t\t\t\t<\/div>\n\t\t<\/section>\n\t\t\t\t<section data-exad-particle-enable=\"false\" class=\"elementor-section elementor-top-section elementor-element elementor-element-06d2d4a elementor-section-boxed elementor-section-height-default elementor-section-height-default exad-parallax-effect-no exad-background-color-change-no exad-glass-effect-no exad-sticky-section-no\" data-id=\"06d2d4a\" data-element_type=\"section\" data-e-type=\"section\">\n\t\t\t\t\t\t<div class=\"elementor-container elementor-column-gap-default\">\n\t\t\t\t\t<div class=\"elementor-column elementor-col-100 elementor-top-column elementor-element elementor-element-2a88bf5 exad-glass-effect-no exad-sticky-section-no\" data-id=\"2a88bf5\" data-element_type=\"column\" data-e-type=\"column\">\n\t\t\t<div class=\"elementor-widget-wrap elementor-element-populated\">\n\t\t\t\t\t\t<div class=\"elementor-element elementor-element-10c1758 exad-sticky-section-no exad-glass-effect-no elementor-widget elementor-widget-spacer\" data-id=\"10c1758\" data-element_type=\"widget\" data-e-type=\"widget\" data-widget_type=\"spacer.default\">\n\t\t\t\t<div class=\"elementor-widget-container\">\n\t\t\t\t\t\t\t<div class=\"elementor-spacer\">\n\t\t\t<div class=\"elementor-spacer-inner\"><\/div>\n\t\t<\/div>\n\t\t\t\t\t\t<\/div>\n\t\t\t\t<\/div>\n\t\t\t\t\t<\/div>\n\t\t<\/div>\n\t\t\t\t\t<\/div>\n\t\t<\/section>\n\t\t\t\t<\/div>\n\t\t","protected":false},"excerpt":{"rendered":"<p>Com inscriure&#8217;s? Els alumnes s&#8217;han d&#8217;inscriure de forma online. Per inscriure&#8217;s a la formaci\u00f3 cal: Omplir el formulari d&#8217;inscripci\u00f3 degudament emplenat. Abonar el total de la formaci\u00f3 triant el m\u00e8tode de pagament Quan rebem tota la documentaci\u00f3 i el pagament, &hellip; <a href=\"https:\/\/supyoga.cat\/ca\/condicions-us-formacio\/\">Read More<\/a><\/p>\n","protected":false},"author":2,"featured_media":0,"parent":0,"menu_order":14,"comment_status":"closed","ping_status":"open","template":"","meta":{"footnotes":""},"class_list":["post-10672","page","type-page","status-publish","hentry"],"_links":{"self":[{"href":"https:\/\/supyoga.cat\/ca\/wp-json\/wp\/v2\/pages\/10672","targetHints":{"allow":["GET"]}}],"collection":[{"href":"https:\/\/supyoga.cat\/ca\/wp-json\/wp\/v2\/pages"}],"about":[{"href":"https:\/\/supyoga.cat\/ca\/wp-json\/wp\/v2\/types\/page"}],"author":[{"embeddable":true,"href":"https:\/\/supyoga.cat\/ca\/wp-json\/wp\/v2\/users\/2"}],"replies":[{"embeddable":true,"href":"https:\/\/supyoga.cat\/ca\/wp-json\/wp\/v2\/comments?post=10672"}],"version-history":[{"count":0,"href":"https:\/\/supyoga.cat\/ca\/wp-json\/wp\/v2\/pages\/10672\/revisions"}],"wp:attachment":[{"href":"https:\/\/supyoga.cat\/ca\/wp-json\/wp\/v2\/media?parent=10672"}],"curies":[{"name":"wp","href":"https:\/\/api.w.org\/{rel}","templated":true}]}}