{"id":1208,"date":"2017-05-31T05:05:41","date_gmt":"2017-05-31T03:05:41","guid":{"rendered":"https:\/\/supyoga.cat\/contacto\/"},"modified":"2023-01-13T12:21:41","modified_gmt":"2023-01-13T10:21:41","slug":"centre-supyoga-catalunya","status":"publish","type":"page","link":"https:\/\/supyoga.cat\/ca\/centre-supyoga-catalunya\/","title":{"rendered":"Contacte"},"content":{"rendered":"\t\t<div data-elementor-type=\"wp-post\" data-elementor-id=\"1208\" class=\"elementor elementor-1208 elementor-45\">\n\t\t\t\t\t\t<section data-exad-particle-enable=\"false\" class=\"elementor-section elementor-top-section elementor-element elementor-element-qgk6sn0 elementor-section-boxed elementor-section-height-default elementor-section-height-default exad-parallax-effect-no exad-background-color-change-no exad-glass-effect-no exad-sticky-section-no\" data-id=\"qgk6sn0\" data-element_type=\"section\" data-e-type=\"section\">\n\t\t\t\t\t\t<div class=\"elementor-container elementor-column-gap-default\">\n\t\t\t\t\t<div class=\"elementor-column elementor-col-100 elementor-top-column elementor-element elementor-element-uaw4tj7 exad-glass-effect-no exad-sticky-section-no\" data-id=\"uaw4tj7\" data-element_type=\"column\" data-e-type=\"column\">\n\t\t\t<div class=\"elementor-widget-wrap elementor-element-populated\">\n\t\t\t\t\t\t<div class=\"elementor-element elementor-element-l1yaoi4 elementor-view-default elementor-position-top exad-sticky-section-no exad-glass-effect-no elementor-widget elementor-widget-themo-header\" data-id=\"l1yaoi4\" data-element_type=\"widget\" data-e-type=\"widget\" data-widget_type=\"themo-header.default\">\n\t\t\t\t<div class=\"elementor-widget-container\">\n\t\t\t\t\t\t\t<div class=\"th-header-wrap\">\n        <div class=\"elementor-icon-box-wrapper \">\n                            <div class=\"elementor-icon-box-content\">\n                    <h1 class=\"elementor-icon-box-title\">\n                        Centre SUPYOGA Catalunya                    <\/h1>\n                                        <p class=\"elementor-icon-box-description\">Tens alguna consulta?<\/p>\n\n                                    <\/div>\n            <\/div>\n\n        <\/div>\n\n\t\t\t\t\t\t<\/div>\n\t\t\t\t<\/div>\n\t\t\t\t\t<\/div>\n\t\t<\/div>\n\t\t\t\t\t<\/div>\n\t\t<\/section>\n\t\t\t\t<section data-exad-particle-enable=\"false\" class=\"elementor-section elementor-top-section elementor-element elementor-element-09b40f9 elementor-section-boxed elementor-section-height-default elementor-section-height-default exad-parallax-effect-no exad-background-color-change-no exad-glass-effect-no exad-sticky-section-no\" data-id=\"09b40f9\" data-element_type=\"section\" data-e-type=\"section\">\n\t\t\t\t\t\t<div class=\"elementor-container elementor-column-gap-default\">\n\t\t\t\t\t<div class=\"elementor-column elementor-col-100 elementor-top-column elementor-element elementor-element-08eb88d exad-glass-effect-no exad-sticky-section-no\" data-id=\"08eb88d\" data-element_type=\"column\" data-e-type=\"column\">\n\t\t\t<div class=\"elementor-widget-wrap elementor-element-populated\">\n\t\t\t\t\t\t<div class=\"elementor-element elementor-element-3e61a87 exad-sticky-section-no exad-glass-effect-no elementor-widget elementor-widget-text-editor\" data-id=\"3e61a87\" data-element_type=\"widget\" data-e-type=\"widget\" data-widget_type=\"text-editor.default\">\n\t\t\t\t<div class=\"elementor-widget-container\">\n\t\t\t\t\t\t\t\t\t<p style=\"text-align: center;\">Contacta amb Centre SUPYOGA Catalunya per a qualsevol dubte que tinguis!<\/p><p>\u00a0<\/p>\t\t\t\t\t\t\t\t<\/div>\n\t\t\t\t<\/div>\n\t\t\t\t\t<\/div>\n\t\t<\/div>\n\t\t\t\t\t<\/div>\n\t\t<\/section>\n\t\t\t\t<section data-exad-particle-enable=\"false\" class=\"elementor-section elementor-top-section elementor-element elementor-element-o7twky5 elementor-section-boxed elementor-section-height-default elementor-section-height-default exad-parallax-effect-no exad-background-color-change-no exad-glass-effect-no exad-sticky-section-no\" data-id=\"o7twky5\" data-element_type=\"section\" data-e-type=\"section\">\n\t\t\t\t\t\t<div class=\"elementor-container elementor-column-gap-extended\">\n\t\t\t\t\t<div class=\"elementor-column elementor-col-100 elementor-top-column elementor-element elementor-element-xcn0qg2 exad-glass-effect-no exad-sticky-section-no\" data-id=\"xcn0qg2\" data-element_type=\"column\" data-e-type=\"column\">\n\t\t\t<div class=\"elementor-widget-wrap elementor-element-populated\">\n\t\t\t\t\t\t<div class=\"elementor-element elementor-element-pinzlyz elementor-position-left elementor-view-default exad-sticky-section-no exad-glass-effect-no elementor-widget elementor-widget-themo-service-block\" data-id=\"pinzlyz\" data-element_type=\"widget\" data-e-type=\"widget\" data-widget_type=\"themo-service-block.default\">\n\t\t\t\t<div class=\"elementor-widget-container\">\n\t\t\t\t\t\t\t<div class=\"th-service-block-w\">\n            <div class=\"elementor-icon-box-wrapper th-show-icon\">\n                                    <div class=\"elementor-icon-box-icon th-icon-size-sm\">\n                        <a class=\"elementor-icon \" href=\"\">\n                            <i class=\"th-linea icon-basic-mail\" aria-hidden=\"true\" fff><\/i>                        <\/a>\n                    <\/div>\n                                <div class=\"elementor-icon-box-content\">\n                    <h4 class=\"elementor-icon-box-title\">\n                        <a href=\"\">info@supyoga.cat<\/a>\n                    <\/h4>\n                    <p class=\"elementor-icon-box-description\">La forma m\u00e9s f\u00e0cil de contactar amb nosaltres \u00e9s via correu electr\u00f2nic, estem sempre conectats i preparats per ajudar-te.\n\n<\/p>\n                <\/div>\n            <\/div>\n\n        <\/div>\n\n\t\t\t\t\t\t<\/div>\n\t\t\t\t<\/div>\n\t\t\t\t<div class=\"elementor-element elementor-element-kfel6yx elementor-position-left elementor-view-default exad-sticky-section-no exad-glass-effect-no elementor-widget elementor-widget-themo-service-block\" data-id=\"kfel6yx\" data-element_type=\"widget\" data-e-type=\"widget\" data-widget_type=\"themo-service-block.default\">\n\t\t\t\t<div class=\"elementor-widget-container\">\n\t\t\t\t\t\t\t<div class=\"th-service-block-w\">\n            <div class=\"elementor-icon-box-wrapper th-show-icon\">\n                                    <div class=\"elementor-icon-box-icon th-icon-size-sm\">\n                        <a class=\"elementor-icon \" href=\"#link\">\n                            <i class=\"th-trip travelpack-location-pin-1\" aria-hidden=\"true\" fff><\/i>                        <\/a>\n                    <\/div>\n                                <div class=\"elementor-icon-box-content\">\n                    <h4 class=\"elementor-icon-box-title\">\n                        <a href=\"#link\">Visita&#039;ns a les nostres classes <\/a>\n                    <\/h4>\n                    <p class=\"elementor-icon-box-description\">Sempre pots venir a veure'ns directament als horaris de les nostres classes! <\/p>\n                <\/div>\n            <\/div>\n\n        <\/div>\n\n\t\t\t\t\t\t<\/div>\n\t\t\t\t<\/div>\n\t\t\t\t\t<\/div>\n\t\t<\/div>\n\t\t\t\t\t<\/div>\n\t\t<\/section>\n\t\t\t\t<section data-exad-particle-enable=\"false\" class=\"elementor-section elementor-top-section elementor-element elementor-element-1f2e9a5 elementor-section-content-middle elementor-hidden-tablet elementor-hidden-mobile elementor-section-boxed elementor-section-height-default elementor-section-height-default exad-parallax-effect-no exad-background-color-change-no exad-glass-effect-no exad-sticky-section-no\" data-id=\"1f2e9a5\" data-element_type=\"section\" data-e-type=\"section\">\n\t\t\t\t\t\t<div class=\"elementor-container elementor-column-gap-default\">\n\t\t\t\t\t<div class=\"elementor-column elementor-col-20 elementor-top-column elementor-element elementor-element-840a918 exad-glass-effect-no exad-sticky-section-no\" data-id=\"840a918\" data-element_type=\"column\" data-e-type=\"column\">\n\t\t\t<div class=\"elementor-widget-wrap elementor-element-populated\">\n\t\t\t\t\t\t<div class=\"elementor-element elementor-element-66e375f exad-sticky-section-no exad-glass-effect-no elementor-widget elementor-widget-image\" data-id=\"66e375f\" data-element_type=\"widget\" data-e-type=\"widget\" data-widget_type=\"image.default\">\n\t\t\t\t<div class=\"elementor-widget-container\">\n\t\t\t\t\t\t\t\t\t\t\t\t\t\t\t\t<a href=\"https:\/\/www.decathlon.es\/es\" target=\"_blank\" rel=\"noopener\">\n\t\t\t\t\t\t\t<img fetchpriority=\"high\" decoding=\"async\" width=\"1024\" height=\"299\" src=\"https:\/\/supyoga.cat\/wp-content\/uploads\/2021\/12\/1200px-Decathlon_Logo-1024x299.png\" class=\"attachment-large size-large wp-image-32855\" alt=\"\" srcset=\"https:\/\/supyoga.cat\/wp-content\/uploads\/2021\/12\/1200px-Decathlon_Logo-1024x299.png 1024w, https:\/\/supyoga.cat\/wp-content\/uploads\/2021\/12\/1200px-Decathlon_Logo-300x88.png 300w, https:\/\/supyoga.cat\/wp-content\/uploads\/2021\/12\/1200px-Decathlon_Logo-768x224.png 768w, https:\/\/supyoga.cat\/wp-content\/uploads\/2021\/12\/1200px-Decathlon_Logo-103x30.png 103w, https:\/\/supyoga.cat\/wp-content\/uploads\/2021\/12\/1200px-Decathlon_Logo-274x80.png 274w, https:\/\/supyoga.cat\/wp-content\/uploads\/2021\/12\/1200px-Decathlon_Logo-394x115.png 394w, https:\/\/supyoga.cat\/wp-content\/uploads\/2021\/12\/1200px-Decathlon_Logo-915x267.png 915w, https:\/\/supyoga.cat\/wp-content\/uploads\/2021\/12\/1200px-Decathlon_Logo-600x175.png 600w, https:\/\/supyoga.cat\/wp-content\/uploads\/2021\/12\/1200px-Decathlon_Logo.png 1200w\" sizes=\"(max-width: 1024px) 100vw, 1024px\" title=\"\">\t\t\t\t\t\t\t\t<\/a>\n\t\t\t\t\t\t\t\t\t\t\t\t\t\t\t<\/div>\n\t\t\t\t<\/div>\n\t\t\t\t\t<\/div>\n\t\t<\/div>\n\t\t\t\t<div class=\"elementor-column elementor-col-20 elementor-top-column elementor-element elementor-element-e6228e0 exad-glass-effect-no exad-sticky-section-no\" data-id=\"e6228e0\" data-element_type=\"column\" data-e-type=\"column\">\n\t\t\t<div class=\"elementor-widget-wrap elementor-element-populated\">\n\t\t\t\t\t\t<div class=\"elementor-element elementor-element-9dca683 exad-sticky-section-no exad-glass-effect-no elementor-widget elementor-widget-image\" data-id=\"9dca683\" data-element_type=\"widget\" data-e-type=\"widget\" data-widget_type=\"image.default\">\n\t\t\t\t<div class=\"elementor-widget-container\">\n\t\t\t\t\t\t\t\t\t\t\t\t\t\t\t\t<a href=\"https:\/\/www.itiwit.co.uk\/\" target=\"_blank\" rel=\"noopener\">\n\t\t\t\t\t\t\t<img decoding=\"async\" width=\"1024\" height=\"200\" src=\"https:\/\/supyoga.cat\/wp-content\/uploads\/2022\/01\/itiwit_logo_xyf2wlir-1024x200.png\" class=\"attachment-large size-large wp-image-33044\" alt=\"itiwit supyoga\" srcset=\"https:\/\/supyoga.cat\/wp-content\/uploads\/2022\/01\/itiwit_logo_xyf2wlir-1024x200.png 1024w, https:\/\/supyoga.cat\/wp-content\/uploads\/2022\/01\/itiwit_logo_xyf2wlir-300x58.png 300w, https:\/\/supyoga.cat\/wp-content\/uploads\/2022\/01\/itiwit_logo_xyf2wlir-768x150.png 768w, https:\/\/supyoga.cat\/wp-content\/uploads\/2022\/01\/itiwit_logo_xyf2wlir-1536x299.png 1536w, https:\/\/supyoga.cat\/wp-content\/uploads\/2022\/01\/itiwit_logo_xyf2wlir-2048x399.png 2048w, https:\/\/supyoga.cat\/wp-content\/uploads\/2022\/01\/itiwit_logo_xyf2wlir-154x30.png 154w, https:\/\/supyoga.cat\/wp-content\/uploads\/2022\/01\/itiwit_logo_xyf2wlir-410x80.png 410w, https:\/\/supyoga.cat\/wp-content\/uploads\/2022\/01\/itiwit_logo_xyf2wlir-394x77.png 394w, https:\/\/supyoga.cat\/wp-content\/uploads\/2022\/01\/itiwit_logo_xyf2wlir-915x178.png 915w, https:\/\/supyoga.cat\/wp-content\/uploads\/2022\/01\/itiwit_logo_xyf2wlir-1240x242.png 1240w, https:\/\/supyoga.cat\/wp-content\/uploads\/2022\/01\/itiwit_logo_xyf2wlir-1920x374.png 1920w, https:\/\/supyoga.cat\/wp-content\/uploads\/2022\/01\/itiwit_logo_xyf2wlir-600x117.png 600w\" sizes=\"(max-width: 1024px) 100vw, 1024px\" title=\"\">\t\t\t\t\t\t\t\t<\/a>\n\t\t\t\t\t\t\t\t\t\t\t\t\t\t\t<\/div>\n\t\t\t\t<\/div>\n\t\t\t\t\t<\/div>\n\t\t<\/div>\n\t\t\t\t<div class=\"elementor-column elementor-col-20 elementor-top-column elementor-element elementor-element-5a75a64 exad-glass-effect-no exad-sticky-section-no\" data-id=\"5a75a64\" data-element_type=\"column\" data-e-type=\"column\">\n\t\t\t<div class=\"elementor-widget-wrap elementor-element-populated\">\n\t\t\t\t\t\t<div class=\"elementor-element elementor-element-6e1d9b5 exad-sticky-section-no exad-glass-effect-no elementor-widget elementor-widget-image\" data-id=\"6e1d9b5\" data-element_type=\"widget\" data-e-type=\"widget\" data-widget_type=\"image.default\">\n\t\t\t\t<div class=\"elementor-widget-container\">\n\t\t\t\t\t\t\t\t\t\t\t\t\t\t\t\t<a href=\"https:\/\/supyogaworld.com\" target=\"_blank\" rel=\"noopener\">\n\t\t\t\t\t\t\t<img decoding=\"async\" width=\"647\" height=\"279\" src=\"https:\/\/supyoga.cat\/wp-content\/uploads\/2020\/09\/supyogaworldblack.png\" class=\"attachment-large size-large wp-image-20723\" alt=\"SUPYoga World\" srcset=\"https:\/\/supyoga.cat\/wp-content\/uploads\/2020\/09\/supyogaworldblack.png 647w, https:\/\/supyoga.cat\/wp-content\/uploads\/2020\/09\/supyogaworldblack-300x129.png 300w, https:\/\/supyoga.cat\/wp-content\/uploads\/2020\/09\/supyogaworldblack-70x30.png 70w, https:\/\/supyoga.cat\/wp-content\/uploads\/2020\/09\/supyogaworldblack-186x80.png 186w, https:\/\/supyoga.cat\/wp-content\/uploads\/2020\/09\/supyogaworldblack-394x170.png 394w, https:\/\/supyoga.cat\/wp-content\/uploads\/2020\/09\/supyogaworldblack-600x259.png 600w\" sizes=\"(max-width: 647px) 100vw, 647px\" title=\"\">\t\t\t\t\t\t\t\t<\/a>\n\t\t\t\t\t\t\t\t\t\t\t\t\t\t\t<\/div>\n\t\t\t\t<\/div>\n\t\t\t\t\t<\/div>\n\t\t<\/div>\n\t\t\t\t<div class=\"elementor-column elementor-col-20 elementor-top-column elementor-element elementor-element-43a7d0e exad-glass-effect-no exad-sticky-section-no\" data-id=\"43a7d0e\" data-element_type=\"column\" data-e-type=\"column\">\n\t\t\t<div class=\"elementor-widget-wrap elementor-element-populated\">\n\t\t\t\t\t\t<div class=\"elementor-element elementor-element-21ffba1 exad-sticky-section-no exad-glass-effect-no elementor-widget elementor-widget-image\" data-id=\"21ffba1\" data-element_type=\"widget\" data-e-type=\"widget\" data-widget_type=\"image.default\">\n\t\t\t\t<div class=\"elementor-widget-container\">\n\t\t\t\t\t\t\t\t\t\t\t\t\t\t\t\t<a href=\"https:\/\/supandsail.com\/\" target=\"_blank\" rel=\"noopener\">\n\t\t\t\t\t\t\t<img loading=\"lazy\" decoding=\"async\" width=\"300\" height=\"100\" src=\"https:\/\/supyoga.cat\/wp-content\/uploads\/2021\/12\/logo-supandsail.png\" class=\"attachment-large size-large wp-image-32852\" alt=\"\" srcset=\"https:\/\/supyoga.cat\/wp-content\/uploads\/2021\/12\/logo-supandsail.png 300w, https:\/\/supyoga.cat\/wp-content\/uploads\/2021\/12\/logo-supandsail-90x30.png 90w, https:\/\/supyoga.cat\/wp-content\/uploads\/2021\/12\/logo-supandsail-240x80.png 240w\" sizes=\"(max-width: 300px) 100vw, 300px\" title=\"\">\t\t\t\t\t\t\t\t<\/a>\n\t\t\t\t\t\t\t\t\t\t\t\t\t\t\t<\/div>\n\t\t\t\t<\/div>\n\t\t\t\t\t<\/div>\n\t\t<\/div>\n\t\t\t\t<div class=\"elementor-column elementor-col-20 elementor-top-column elementor-element elementor-element-1e4648f exad-glass-effect-no exad-sticky-section-no\" data-id=\"1e4648f\" data-element_type=\"column\" data-e-type=\"column\">\n\t\t\t<div class=\"elementor-widget-wrap elementor-element-populated\">\n\t\t\t\t\t\t<div class=\"elementor-element elementor-element-76b81e9 exad-sticky-section-no exad-glass-effect-no elementor-widget elementor-widget-image\" data-id=\"76b81e9\" data-element_type=\"widget\" data-e-type=\"widget\" data-widget_type=\"image.default\">\n\t\t\t\t<div class=\"elementor-widget-container\">\n\t\t\t\t\t\t\t\t\t\t\t\t\t\t\t\t<a href=\"https:\/\/pativelabarcelona.com\/\" target=\"_blank\" rel=\"noopener\">\n\t\t\t\t\t\t\t<img loading=\"lazy\" decoding=\"async\" width=\"1024\" height=\"113\" src=\"https:\/\/supyoga.cat\/wp-content\/uploads\/2019\/11\/negre-alta-resolucio-2-1024x113.png\" class=\"attachment-large size-large wp-image-9654\" alt=\"\" srcset=\"https:\/\/supyoga.cat\/wp-content\/uploads\/2019\/11\/negre-alta-resolucio-2-1024x113.png 1024w, https:\/\/supyoga.cat\/wp-content\/uploads\/2019\/11\/negre-alta-resolucio-2-300x33.png 300w, https:\/\/supyoga.cat\/wp-content\/uploads\/2019\/11\/negre-alta-resolucio-2-768x85.png 768w, https:\/\/supyoga.cat\/wp-content\/uploads\/2019\/11\/negre-alta-resolucio-2-1536x170.png 1536w, https:\/\/supyoga.cat\/wp-content\/uploads\/2019\/11\/negre-alta-resolucio-2-2048x226.png 2048w, https:\/\/supyoga.cat\/wp-content\/uploads\/2019\/11\/negre-alta-resolucio-2-272x30.png 272w, https:\/\/supyoga.cat\/wp-content\/uploads\/2019\/11\/negre-alta-resolucio-2-724x80.png 724w, https:\/\/supyoga.cat\/wp-content\/uploads\/2019\/11\/negre-alta-resolucio-2-394x44.png 394w, https:\/\/supyoga.cat\/wp-content\/uploads\/2019\/11\/negre-alta-resolucio-2-915x101.png 915w, https:\/\/supyoga.cat\/wp-content\/uploads\/2019\/11\/negre-alta-resolucio-2-1240x137.png 1240w, https:\/\/supyoga.cat\/wp-content\/uploads\/2019\/11\/negre-alta-resolucio-2-1920x212.png 1920w, https:\/\/supyoga.cat\/wp-content\/uploads\/2019\/11\/negre-alta-resolucio-2-600x66.png 600w\" sizes=\"(max-width: 1024px) 100vw, 1024px\" title=\"\">\t\t\t\t\t\t\t\t<\/a>\n\t\t\t\t\t\t\t\t\t\t\t\t\t\t\t<\/div>\n\t\t\t\t<\/div>\n\t\t\t\t\t<\/div>\n\t\t<\/div>\n\t\t\t\t\t<\/div>\n\t\t<\/section>\n\t\t\t\t<section data-exad-particle-enable=\"false\" class=\"elementor-section elementor-top-section elementor-element elementor-element-265cd14 elementor-section-boxed elementor-section-height-default elementor-section-height-default exad-parallax-effect-no exad-background-color-change-no exad-glass-effect-no exad-sticky-section-no\" data-id=\"265cd14\" data-element_type=\"section\" data-e-type=\"section\">\n\t\t\t\t\t\t<div class=\"elementor-container elementor-column-gap-default\">\n\t\t\t\t\t<div class=\"elementor-column elementor-col-50 elementor-top-column elementor-element elementor-element-1b9e25a exad-glass-effect-no exad-sticky-section-no\" data-id=\"1b9e25a\" data-element_type=\"column\" data-e-type=\"column\">\n\t\t\t<div class=\"elementor-widget-wrap elementor-element-populated\">\n\t\t\t\t\t\t<div class=\"elementor-element elementor-element-8706ead exad-sticky-section-no exad-glass-effect-no elementor-widget elementor-widget-text-editor\" data-id=\"8706ead\" data-element_type=\"widget\" data-e-type=\"widget\" data-widget_type=\"text-editor.default\">\n\t\t\t\t<div class=\"elementor-widget-container\">\n\t\t\t\t\t\t\t\t\t<h4>Vols treballar amb nosaltres?<\/h4><ul><li>Ets instructor\/a de ioga?<\/li><li>Vols provar aquesta nova modalitat?\u00a0<\/li><li>Contacta&#8217;ns: <a href=\"mailto:info@supyoga.cat\">info@supyoga.cat<\/a><\/li><\/ul>\t\t\t\t\t\t\t\t<\/div>\n\t\t\t\t<\/div>\n\t\t\t\t\t<\/div>\n\t\t<\/div>\n\t\t\t\t<div class=\"elementor-column elementor-col-50 elementor-top-column elementor-element elementor-element-9f54e45 exad-glass-effect-no exad-sticky-section-no\" data-id=\"9f54e45\" data-element_type=\"column\" data-e-type=\"column\">\n\t\t\t<div class=\"elementor-widget-wrap elementor-element-populated\">\n\t\t\t\t\t\t<div class=\"elementor-element elementor-element-b59ffe2 exad-sticky-section-no exad-glass-effect-no elementor-widget elementor-widget-text-editor\" data-id=\"b59ffe2\" data-element_type=\"widget\" data-e-type=\"widget\" data-widget_type=\"text-editor.default\">\n\t\t\t\t<div class=\"elementor-widget-container\">\n\t\t\t\t\t\t\t\t\t<h4>Vols oferir SUP Ioga al teu espai? <\/h4><ul><li>Contacta&#8217;ns: <a href=\"mailto:info@supyoga.cat\">info@supyoga.cat<\/a><\/li><\/ul>\t\t\t\t\t\t\t\t<\/div>\n\t\t\t\t<\/div>\n\t\t\t\t\t<\/div>\n\t\t<\/div>\n\t\t\t\t\t<\/div>\n\t\t<\/section>\n\t\t\t\t<section data-exad-particle-enable=\"false\" class=\"elementor-section elementor-top-section elementor-element elementor-element-ec5e53e elementor-section-full_width elementor-section-stretched elementor-section-height-default elementor-section-height-default exad-parallax-effect-no exad-background-color-change-no exad-glass-effect-no exad-sticky-section-no\" data-id=\"ec5e53e\" data-element_type=\"section\" data-e-type=\"section\" data-settings=\"{&quot;stretch_section&quot;:&quot;section-stretched&quot;}\">\n\t\t\t\t\t\t<div class=\"elementor-container elementor-column-gap-no\">\n\t\t\t\t\t<div class=\"elementor-column elementor-col-100 elementor-top-column elementor-element elementor-element-a5947cf exad-glass-effect-no exad-sticky-section-no\" data-id=\"a5947cf\" data-element_type=\"column\" data-e-type=\"column\">\n\t\t\t<div class=\"elementor-widget-wrap elementor-element-populated\">\n\t\t\t\t\t\t<div class=\"elementor-element elementor-element-d1568d3 exad-sticky-section-no exad-glass-effect-no elementor-widget elementor-widget-google_maps\" data-id=\"d1568d3\" data-element_type=\"widget\" data-e-type=\"widget\" data-widget_type=\"google_maps.default\">\n\t\t\t\t<div class=\"elementor-widget-container\">\n\t\t\t\t\t\t\t<div class=\"elementor-custom-embed\">\n\t\t\t<iframe loading=\"lazy\"\n\t\t\t\t\tsrc=\"https:\/\/maps.google.com\/maps?q=centre%20supyoga%20catalunya&#038;t=m&#038;z=10&#038;output=embed&#038;iwloc=near\"\n\t\t\t\t\ttitle=\"centre supyoga catalunya\"\n\t\t\t\t\taria-label=\"centre supyoga catalunya\"\n\t\t\t><\/iframe>\n\t\t<\/div>\n\t\t\t\t\t\t<\/div>\n\t\t\t\t<\/div>\n\t\t\t\t\t<\/div>\n\t\t<\/div>\n\t\t\t\t\t<\/div>\n\t\t<\/section>\n\t\t\t\t<section class=\"th-parallax elementor-section elementor-top-section elementor-element elementor-element-bqlt0sn elementor-section-boxed elementor-section-height-default elementor-section-height-default exad-parallax-effect-no exad-background-color-change-no exad-glass-effect-no exad-sticky-section-no\" data-parallax=\"scroll\" data-image-src=\"https:\/\/supyoga.cat\/wp-content\/uploads\/2020\/02\/DSC1939-min-1-scaled.jpg\" data-exad-particle-enable=\"false\" data-id=\"bqlt0sn\" data-element_type=\"section\" data-e-type=\"section\" data-settings=\"{&quot;background_background&quot;:&quot;classic&quot;}\">\n\t\t\t\t\t\t\t<div class=\"elementor-background-overlay\"><\/div>\n\t\t\t\t\t\t\t<div class=\"elementor-container elementor-column-gap-default\">\n\t\t\t\t\t<div class=\"elementor-column elementor-col-100 elementor-top-column elementor-element elementor-element-gcm8twg exad-glass-effect-no exad-sticky-section-no\" data-id=\"gcm8twg\" data-element_type=\"column\" data-e-type=\"column\">\n\t\t\t<div class=\"elementor-widget-wrap elementor-element-populated\">\n\t\t\t\t\t\t<div class=\"elementor-element elementor-element-51xhzgf exad-sticky-section-no exad-glass-effect-no elementor-widget elementor-widget-spacer\" data-id=\"51xhzgf\" data-element_type=\"widget\" data-e-type=\"widget\" data-widget_type=\"spacer.default\">\n\t\t\t\t<div class=\"elementor-widget-container\">\n\t\t\t\t\t\t\t<div class=\"elementor-spacer\">\n\t\t\t<div class=\"elementor-spacer-inner\"><\/div>\n\t\t<\/div>\n\t\t\t\t\t\t<\/div>\n\t\t\t\t<\/div>\n\t\t\t\t\t<\/div>\n\t\t<\/div>\n\t\t\t\t\t<\/div>\n\t\t<\/section>\n\t\t\t\t<\/div>\n\t\t","protected":false},"excerpt":{"rendered":"<p>Centre SUPYOGA Catalunya Tens alguna consulta? Contacta amb Centre SUPYOGA Catalunya per a qualsevol dubte que tinguis! \u00a0 info@supyoga.cat La forma m\u00e9s f\u00e0cil de contactar amb nosaltres \u00e9s via correu electr\u00f2nic, estem sempre conectats i preparats per ajudar-te. Visita&#039;ns a &hellip; <a href=\"https:\/\/supyoga.cat\/ca\/centre-supyoga-catalunya\/\">Read More<\/a><\/p>\n","protected":false},"author":1,"featured_media":0,"parent":0,"menu_order":26,"comment_status":"closed","ping_status":"closed","template":"","meta":{"footnotes":""},"class_list":["post-1208","page","type-page","status-publish","hentry"],"_links":{"self":[{"href":"https:\/\/supyoga.cat\/ca\/wp-json\/wp\/v2\/pages\/1208","targetHints":{"allow":["GET"]}}],"collection":[{"href":"https:\/\/supyoga.cat\/ca\/wp-json\/wp\/v2\/pages"}],"about":[{"href":"https:\/\/supyoga.cat\/ca\/wp-json\/wp\/v2\/types\/page"}],"author":[{"embeddable":true,"href":"https:\/\/supyoga.cat\/ca\/wp-json\/wp\/v2\/users\/1"}],"replies":[{"embeddable":true,"href":"https:\/\/supyoga.cat\/ca\/wp-json\/wp\/v2\/comments?post=1208"}],"version-history":[{"count":0,"href":"https:\/\/supyoga.cat\/ca\/wp-json\/wp\/v2\/pages\/1208\/revisions"}],"wp:attachment":[{"href":"https:\/\/supyoga.cat\/ca\/wp-json\/wp\/v2\/media?parent=1208"}],"curies":[{"name":"wp","href":"https:\/\/api.w.org\/{rel}","templated":true}]}}