{"id":34837,"date":"2022-03-07T10:22:03","date_gmt":"2022-03-07T08:22:03","guid":{"rendered":"https:\/\/supyoga.cat\/colaboraciones\/"},"modified":"2023-03-15T10:35:17","modified_gmt":"2023-03-15T08:35:17","slug":"col%c2%b7laboracions","status":"publish","type":"page","link":"https:\/\/supyoga.cat\/ca\/col%c2%b7laboracions\/","title":{"rendered":"Col\u00b7laboracions"},"content":{"rendered":"\t\t<div data-elementor-type=\"wp-page\" data-elementor-id=\"34837\" class=\"elementor elementor-34837 elementor-34779\">\n\t\t\t\t\t\t<section data-exad-particle-enable=\"false\" class=\"elementor-section elementor-top-section elementor-element elementor-element-0466457 elementor-section-boxed elementor-section-height-default elementor-section-height-default exad-parallax-effect-no exad-background-color-change-no exad-glass-effect-no exad-sticky-section-no\" data-id=\"0466457\" data-element_type=\"section\" data-e-type=\"section\">\n\t\t\t\t\t\t<div class=\"elementor-container elementor-column-gap-default\">\n\t\t\t\t\t<div class=\"elementor-column elementor-col-50 elementor-top-column elementor-element elementor-element-7f75d79 exad-glass-effect-no exad-sticky-section-no\" data-id=\"7f75d79\" data-element_type=\"column\" data-e-type=\"column\">\n\t\t\t<div class=\"elementor-widget-wrap elementor-element-populated\">\n\t\t\t\t\t\t<div class=\"exad-link-anything-wrapper elementor-element elementor-element-3a2963d exad-sticky-section-no exad-glass-effect-no elementor-widget elementor-widget-image\" data-exad-element-link=\"{&quot;url&quot;:&quot;https:\\\/\\\/yogasinfronteras.org\\\/&quot;,&quot;is_external&quot;:&quot;&quot;,&quot;nofollow&quot;:&quot;&quot;,&quot;custom_attributes&quot;:&quot;&quot;}\" style=\"cursor: pointer\" data-id=\"3a2963d\" data-element_type=\"widget\" data-e-type=\"widget\" data-widget_type=\"image.default\">\n\t\t\t\t<div class=\"elementor-widget-container\">\n\t\t\t\t\t\t\t\t\t\t\t\t\t\t\t<img decoding=\"async\" width=\"150\" height=\"150\" src=\"https:\/\/supyoga.cat\/wp-content\/uploads\/2022\/03\/Adhesivo-Escuela-Amiga-150x150.png\" class=\"attachment-thumbnail size-thumbnail wp-image-34781\" alt=\"\" srcset=\"https:\/\/supyoga.cat\/wp-content\/uploads\/2022\/03\/Adhesivo-Escuela-Amiga-150x150.png 150w, https:\/\/supyoga.cat\/wp-content\/uploads\/2022\/03\/Adhesivo-Escuela-Amiga-300x300.png 300w, https:\/\/supyoga.cat\/wp-content\/uploads\/2022\/03\/Adhesivo-Escuela-Amiga-1024x1024.png 1024w, https:\/\/supyoga.cat\/wp-content\/uploads\/2022\/03\/Adhesivo-Escuela-Amiga-768x768.png 768w, https:\/\/supyoga.cat\/wp-content\/uploads\/2022\/03\/Adhesivo-Escuela-Amiga-1536x1536.png 1536w, https:\/\/supyoga.cat\/wp-content\/uploads\/2022\/03\/Adhesivo-Escuela-Amiga-30x30.png 30w, https:\/\/supyoga.cat\/wp-content\/uploads\/2022\/03\/Adhesivo-Escuela-Amiga-80x80.png 80w, https:\/\/supyoga.cat\/wp-content\/uploads\/2022\/03\/Adhesivo-Escuela-Amiga-394x394.png 394w, https:\/\/supyoga.cat\/wp-content\/uploads\/2022\/03\/Adhesivo-Escuela-Amiga-303x303.png 303w, https:\/\/supyoga.cat\/wp-content\/uploads\/2022\/03\/Adhesivo-Escuela-Amiga-605x605.png 605w, https:\/\/supyoga.cat\/wp-content\/uploads\/2022\/03\/Adhesivo-Escuela-Amiga-700x700.png 700w, https:\/\/supyoga.cat\/wp-content\/uploads\/2022\/03\/Adhesivo-Escuela-Amiga-950x950.png 950w, https:\/\/supyoga.cat\/wp-content\/uploads\/2022\/03\/Adhesivo-Escuela-Amiga-1080x1080.png 1080w, https:\/\/supyoga.cat\/wp-content\/uploads\/2022\/03\/Adhesivo-Escuela-Amiga-600x600.png 600w, https:\/\/supyoga.cat\/wp-content\/uploads\/2022\/03\/Adhesivo-Escuela-Amiga-100x100.png 100w, https:\/\/supyoga.cat\/wp-content\/uploads\/2022\/03\/Adhesivo-Escuela-Amiga.png 2000w\" sizes=\"(max-width: 150px) 100vw, 150px\" title=\"\">\t\t\t\t\t\t\t\t\t\t\t\t\t\t\t<\/div>\n\t\t\t\t<\/div>\n\t\t\t\t\t<\/div>\n\t\t<\/div>\n\t\t\t\t<div class=\"elementor-column elementor-col-50 elementor-top-column elementor-element elementor-element-a7a8c5b exad-glass-effect-no exad-sticky-section-no\" data-id=\"a7a8c5b\" data-element_type=\"column\" data-e-type=\"column\">\n\t\t\t<div class=\"elementor-widget-wrap elementor-element-populated\">\n\t\t\t\t\t\t<div class=\"elementor-element elementor-element-3f86571 exad-sticky-section-no exad-glass-effect-no elementor-widget elementor-widget-text-editor\" data-id=\"3f86571\" data-element_type=\"widget\" data-e-type=\"widget\" data-widget_type=\"text-editor.default\">\n\t\t\t\t<div class=\"elementor-widget-container\">\n\t\t\t\t\t\t\t\t\t<p>A la nostra entitat sense \u00e0nim de lucre, ens enorgulleix col\u00b7laborar amb una organitzaci\u00f3 tan important com <a href=\"https:\/\/yogasinfronteras.org\/\" target=\"_blank\" rel=\"noopener\">YOGA SIN FORNTERAS<\/a>. Aquesta organitzaci\u00f3 \u00e9s una xarxa de voluntaris de tot el m\u00f3n que comparteixen el seu amor pel ioga i treballen per portar beneficis a aquells que m\u00e9s ho necessiten.<\/p><p>El nostre comprom\u00eds amb YOGA SIN FORNTERAS es basa en la donaci\u00f3 de recursos i la participaci\u00f3 en el voluntariat de classes de Ioga per a col\u00b7lectius vulnerables i en risc d&#8217;exclusi\u00f3 social. Aquest \u00e9s un aspecte fonamental de la nostra tasca, ja que creiem fermament en la import\u00e0ncia d&#8217;ajudar els qui m\u00e9s ho necessiten, especialment en un moment en qu\u00e8 la pand\u00e8mia ha afectat de manera desproporcionada les persones m\u00e9s vulnerables.<\/p><p>A trav\u00e9s de la col\u00b7laboraci\u00f3 amb YOGA SIN FORNTERAS, hem tingut l&#8217;oportunitat de veure de primera m\u00e0 la gran tasca que fan. El vostre treball \u00e9s una veritable inspiraci\u00f3 per a nosaltres, ja que estan compromesos amb la creaci\u00f3 d&#8217;un m\u00f3n m\u00e9s just i equitatiu a trav\u00e9s de la pr\u00e0ctica del ioga.<\/p><p>Si t&#8217;interessa el projecte de YOGA SIN FORNTERAS, t&#8217;animem que t&#8217;involucris i formis part d&#8217;aquesta gran tasca. Hi ha moltes maneres en qu\u00e8 pots ajudar, des de fer una donaci\u00f3 fins a convertir-te en voluntari i ensenyar ioga a col\u00b7lectius vulnerables. La teva contribuci\u00f3 pot marcar una gran difer\u00e8ncia en la vida de moltes persones que necessiten la pr\u00e0ctica del ioga per trobar la pau, la calma i la serenitat que tant necessiten.<\/p><p>En definitiva, la nostra col\u00b7laboraci\u00f3 amb YOGA SIN FORNTERAS \u00e9s un reflex del nostre comprom\u00eds amb la societat i la nostra creen\u00e7a en el poder transformador del ioga. Junts, podem fer una difer\u00e8ncia real i duradora a la vida d&#8217;aquells que m\u00e9s ho necessiten. Per aix\u00f2, si teniu l&#8217;oportunitat de formar part d&#8217;aquest projecte, no dubteu a fer-ho. La teva contribuci\u00f3 ser\u00e0 fonamental per ajudar a construir un m\u00f3n millor i m\u00e9s just per a tothom.<\/p><p>Si t&#8217;interessa el projecte, tu tamb\u00e9 en pots formar part \u2661<\/p>\t\t\t\t\t\t\t\t<\/div>\n\t\t\t\t<\/div>\n\t\t\t\t\t<\/div>\n\t\t<\/div>\n\t\t\t\t\t<\/div>\n\t\t<\/section>\n\t\t\t\t<section data-exad-particle-enable=\"false\" class=\"elementor-section elementor-top-section elementor-element elementor-element-c54cee8 elementor-section-boxed elementor-section-height-default elementor-section-height-default exad-parallax-effect-no exad-background-color-change-no exad-glass-effect-no exad-sticky-section-no\" data-id=\"c54cee8\" data-element_type=\"section\" data-e-type=\"section\">\n\t\t\t\t\t\t<div class=\"elementor-container elementor-column-gap-default\">\n\t\t\t\t\t<div class=\"elementor-column elementor-col-50 elementor-top-column elementor-element elementor-element-904344b exad-glass-effect-no exad-sticky-section-no\" data-id=\"904344b\" data-element_type=\"column\" data-e-type=\"column\">\n\t\t\t<div class=\"elementor-widget-wrap elementor-element-populated\">\n\t\t\t\t\t\t<div class=\"exad-link-anything-wrapper elementor-element elementor-element-d8a7a51 exad-sticky-section-no exad-glass-effect-no elementor-widget elementor-widget-image\" data-exad-element-link=\"{&quot;url&quot;:&quot;https:\\\/\\\/aguanea.com\\\/&quot;,&quot;is_external&quot;:&quot;&quot;,&quot;nofollow&quot;:&quot;&quot;,&quot;custom_attributes&quot;:&quot;&quot;}\" style=\"cursor: pointer\" data-id=\"d8a7a51\" data-element_type=\"widget\" data-e-type=\"widget\" data-widget_type=\"image.default\">\n\t\t\t\t<div class=\"elementor-widget-container\">\n\t\t\t\t\t\t\t\t\t\t\t\t\t\t\t<img decoding=\"async\" width=\"150\" height=\"150\" src=\"https:\/\/supyoga.cat\/wp-content\/uploads\/2023\/03\/agua-nea-150x150.webp\" class=\"attachment-thumbnail size-thumbnail wp-image-47019\" alt=\"\" srcset=\"https:\/\/supyoga.cat\/wp-content\/uploads\/2023\/03\/agua-nea-150x150.webp 150w, https:\/\/supyoga.cat\/wp-content\/uploads\/2023\/03\/agua-nea-394x394.webp 394w, https:\/\/supyoga.cat\/wp-content\/uploads\/2023\/03\/agua-nea-605x605.webp 605w, https:\/\/supyoga.cat\/wp-content\/uploads\/2023\/03\/agua-nea-300x300.webp 300w, https:\/\/supyoga.cat\/wp-content\/uploads\/2023\/03\/agua-nea-100x100.webp 100w\" sizes=\"(max-width: 150px) 100vw, 150px\" title=\"\">\t\t\t\t\t\t\t\t\t\t\t\t\t\t\t<\/div>\n\t\t\t\t<\/div>\n\t\t\t\t\t<\/div>\n\t\t<\/div>\n\t\t\t\t<div class=\"elementor-column elementor-col-50 elementor-top-column elementor-element elementor-element-64eb445 exad-glass-effect-no exad-sticky-section-no\" data-id=\"64eb445\" data-element_type=\"column\" data-e-type=\"column\">\n\t\t\t<div class=\"elementor-widget-wrap elementor-element-populated\">\n\t\t\t\t\t\t<div class=\"elementor-element elementor-element-dfdcacc exad-sticky-section-no exad-glass-effect-no elementor-widget elementor-widget-text-editor\" data-id=\"dfdcacc\" data-element_type=\"widget\" data-e-type=\"widget\" data-widget_type=\"text-editor.default\">\n\t\t\t\t<div class=\"elementor-widget-container\">\n\t\t\t\t\t\t\t\t\t<p><a href=\"https:\/\/aguanea.com\/\" target=\"_blank\" rel=\"noopener\">AGUA NEA<\/a> \u00e9s una iniciativa que estem promovent per contribuir a la cura del medi ambient, especialment a l&#8217;ecosistema mar\u00ed. Aquesta empresa es dedica a la venda d&#8217;aigua mineral en envasos de metall, cosa que permet reduir la petjada de contaminaci\u00f3 pl\u00e0stica al nostre planeta.<\/p><p>L&#8217;\u00fas excessiu de pl\u00e0stic \u00e9s un dels principals problemes ambientals de la nostra era. S&#8217;estima que cada any es produeixen m\u00e9s de 300 milions de tones de pl\u00e0stic a tot el m\u00f3n, de les quals un gran percentatge acaba als oceans, generant una greu amena\u00e7a per a la vida marina i per a la salut humana.<\/p><p>\u00c9s per aix\u00f2 que AGUA NEA s&#8217;ha proposat una missi\u00f3 molt m\u00e9s ambiciosa que simplement vendre aigua embotellada. L&#8217;empresa t\u00e9 com a objectiu plantar corals per a la preservaci\u00f3 del mar, a trav\u00e9s d&#8217;una acci\u00f3 que han anomenat \u201c1 foto 1 coral\u201d. Aquesta iniciativa convida els clients a fer una foto amb el seu env\u00e0s d&#8217;aigua AGUA NEA en un lloc especial i pujar-la a les xarxes socials amb el hashtag #1foto1coral. Per cada foto pujada, l&#8217;empresa es compromet a plantar un corall al mar.<\/p><p>La import\u00e0ncia dels corals per al medi ambient \u00e9s vital, ja que aquests organismes s\u00f3n els responsables de crear esculls i allotjar una gran quantitat d&#8217;esp\u00e8cies marines. Tot i aix\u00f2, l&#8217;activitat humana ha provocat la degradaci\u00f3 dels corals i la p\u00e8rdua dels esculls a tot el m\u00f3n.<\/p><p>La col\u00b7laboraci\u00f3 amb AGUA NEA no nom\u00e9s ens permet contribuir a la cura del medi ambient, sin\u00f3 tamb\u00e9 donar suport a una iniciativa que t\u00e9 com a objectiu protegir i preservar el medi mar\u00ed. En triar aquest tipus d&#8217;envasos, estem fent una elecci\u00f3 responsable i conscient, que busca reduir la quantitat de residus pl\u00e0stics que generem i fomentar un canvi de mentalitat a la societat.<\/p><p>En definitiva, AGUA NEA \u00e9s una de les formes en qu\u00e8 podem aportar el nostre granet de sorra a la lluita contra el canvi clim\u00e0tic i la cura del medi ambient. En triar aquest tipus de producte, estem apostant per un futur m\u00e9s sostenible i responsable amb el planeta.<\/p>\t\t\t\t\t\t\t\t<\/div>\n\t\t\t\t<\/div>\n\t\t\t\t\t<\/div>\n\t\t<\/div>\n\t\t\t\t\t<\/div>\n\t\t<\/section>\n\t\t\t\t<section data-exad-particle-enable=\"false\" class=\"elementor-section elementor-top-section elementor-element elementor-element-154e3d6 elementor-section-boxed elementor-section-height-default elementor-section-height-default exad-parallax-effect-no exad-background-color-change-no exad-glass-effect-no exad-sticky-section-no\" data-id=\"154e3d6\" data-element_type=\"section\" data-e-type=\"section\">\n\t\t\t\t\t\t<div class=\"elementor-container elementor-column-gap-default\">\n\t\t\t\t\t<div class=\"elementor-column elementor-col-100 elementor-top-column elementor-element elementor-element-cabf2e3 exad-glass-effect-no exad-sticky-section-no\" data-id=\"cabf2e3\" data-element_type=\"column\" data-e-type=\"column\">\n\t\t\t<div class=\"elementor-widget-wrap elementor-element-populated\">\n\t\t\t\t\t\t<div class=\"elementor-element elementor-element-1aaf955 exad-sticky-section-no exad-glass-effect-no elementor-widget elementor-widget-heading\" data-id=\"1aaf955\" data-element_type=\"widget\" data-e-type=\"widget\" data-widget_type=\"heading.default\">\n\t\t\t\t<div class=\"elementor-widget-container\">\n\t\t\t\t\t<h2 class=\"elementor-heading-title elementor-size-default\">Parlen de nosaltres a:<\/h2>\t\t\t\t<\/div>\n\t\t\t\t<\/div>\n\t\t\t\t\t<\/div>\n\t\t<\/div>\n\t\t\t\t\t<\/div>\n\t\t<\/section>\n\t\t\t\t<section data-exad-particle-enable=\"false\" class=\"elementor-section elementor-top-section elementor-element elementor-element-520ef91 elementor-section-boxed elementor-section-height-default elementor-section-height-default exad-parallax-effect-no exad-background-color-change-no exad-glass-effect-no exad-sticky-section-no\" data-id=\"520ef91\" data-element_type=\"section\" data-e-type=\"section\">\n\t\t\t\t\t\t<div class=\"elementor-container elementor-column-gap-default\">\n\t\t\t\t\t<div class=\"elementor-column elementor-col-100 elementor-top-column elementor-element elementor-element-e1e512f exad-glass-effect-no exad-sticky-section-no\" data-id=\"e1e512f\" data-element_type=\"column\" data-e-type=\"column\">\n\t\t\t<div class=\"elementor-widget-wrap elementor-element-populated\">\n\t\t\t\t\t\t<div class=\"elementor-element elementor-element-a56426b elementor-arrows-position-inside elementor-pagination-position-outside exad-sticky-section-no exad-glass-effect-no elementor-widget elementor-widget-image-carousel\" data-id=\"a56426b\" data-element_type=\"widget\" data-e-type=\"widget\" data-settings=\"{&quot;slides_to_show&quot;:&quot;6&quot;,&quot;slides_to_scroll&quot;:&quot;6&quot;,&quot;navigation&quot;:&quot;both&quot;,&quot;autoplay&quot;:&quot;yes&quot;,&quot;pause_on_hover&quot;:&quot;yes&quot;,&quot;pause_on_interaction&quot;:&quot;yes&quot;,&quot;autoplay_speed&quot;:5000,&quot;infinite&quot;:&quot;yes&quot;,&quot;speed&quot;:500}\" data-widget_type=\"image-carousel.default\">\n\t\t\t\t<div class=\"elementor-widget-container\">\n\t\t\t\t\t\t\t<div class=\"elementor-image-carousel-wrapper swiper\" role=\"region\" aria-roledescription=\"carousel\" aria-label=\"Carrusel d&#039;imatges\" dir=\"ltr\">\n\t\t\t<div class=\"elementor-image-carousel swiper-wrapper\" aria-live=\"off\">\n\t\t\t\t\t\t\t\t<div class=\"swiper-slide\" role=\"group\" aria-roledescription=\"slide\" aria-label=\"1 de 6\"><figure class=\"swiper-slide-inner\"><img decoding=\"async\" class=\"swiper-slide-image\" src=\"https:\/\/supyoga.cat\/wp-content\/uploads\/2022\/03\/logo-sport.png\" alt=\"logo sport\" title=\"\"><\/figure><\/div><div class=\"swiper-slide\" role=\"group\" aria-roledescription=\"slide\" aria-label=\"2 de 6\"><figure class=\"swiper-slide-inner\"><img decoding=\"async\" class=\"swiper-slide-image\" src=\"https:\/\/supyoga.cat\/wp-content\/uploads\/2022\/03\/time-out-brcelona-logo-300x152.jpeg\" alt=\"time out brcelona logo\" title=\"\"><\/figure><\/div><div class=\"swiper-slide\" role=\"group\" aria-roledescription=\"slide\" aria-label=\"3 de 6\"><figure class=\"swiper-slide-inner\"><img decoding=\"async\" class=\"swiper-slide-image\" src=\"https:\/\/supyoga.cat\/wp-content\/uploads\/2022\/03\/logo-revista-mia-300x110.png\" alt=\"logo revista mia\" title=\"\"><\/figure><\/div><div class=\"swiper-slide\" role=\"group\" aria-roledescription=\"slide\" aria-label=\"4 de 6\"><figure class=\"swiper-slide-inner\"><img decoding=\"async\" class=\"swiper-slide-image\" src=\"https:\/\/supyoga.cat\/wp-content\/uploads\/2022\/03\/cmd-sport.png\" alt=\"cmd sport\" title=\"\"><\/figure><\/div><div class=\"swiper-slide\" role=\"group\" aria-roledescription=\"slide\" aria-label=\"5 de 6\"><figure class=\"swiper-slide-inner\"><img decoding=\"async\" class=\"swiper-slide-image\" src=\"https:\/\/supyoga.cat\/wp-content\/uploads\/2022\/03\/press-new-agency-logo.png\" alt=\"press new agency logo\" title=\"\"><\/figure><\/div><div class=\"swiper-slide\" role=\"group\" aria-roledescription=\"slide\" aria-label=\"6 de 6\"><figure class=\"swiper-slide-inner\"><img decoding=\"async\" class=\"swiper-slide-image\" src=\"https:\/\/supyoga.cat\/wp-content\/uploads\/2022\/03\/barcelona-travel-magacine.png\" alt=\"barcelona travel magacine\" title=\"\"><\/figure><\/div>\t\t\t<\/div>\n\t\t\t\t\t\t\t\t\t\t\t\t<div class=\"elementor-swiper-button elementor-swiper-button-prev\" role=\"button\" tabindex=\"0\">\n\t\t\t\t\t\t<i aria-hidden=\"true\" class=\"eicon-chevron-left\"><\/i>\t\t\t\t\t<\/div>\n\t\t\t\t\t<div class=\"elementor-swiper-button elementor-swiper-button-next\" role=\"button\" tabindex=\"0\">\n\t\t\t\t\t\t<i aria-hidden=\"true\" class=\"eicon-chevron-right\"><\/i>\t\t\t\t\t<\/div>\n\t\t\t\t\n\t\t\t\t\t\t\t\t\t<div class=\"swiper-pagination\"><\/div>\n\t\t\t\t\t\t\t\t\t<\/div>\n\t\t\t\t\t\t<\/div>\n\t\t\t\t<\/div>\n\t\t\t\t\t<\/div>\n\t\t<\/div>\n\t\t\t\t\t<\/div>\n\t\t<\/section>\n\t\t\t\t<\/div>\n\t\t","protected":false},"excerpt":{"rendered":"<p>A la nostra entitat sense \u00e0nim de lucre, ens enorgulleix col\u00b7laborar amb una organitzaci\u00f3 tan important com YOGA SIN FORNTERAS. Aquesta organitzaci\u00f3 \u00e9s una xarxa de voluntaris de tot el m\u00f3n que comparteixen el seu amor pel ioga i treballen &hellip; <a href=\"https:\/\/supyoga.cat\/ca\/col%c2%b7laboracions\/\">Read More<\/a><\/p>\n","protected":false},"author":2,"featured_media":0,"parent":0,"menu_order":0,"comment_status":"closed","ping_status":"closed","template":"","meta":{"footnotes":""},"class_list":["post-34837","page","type-page","status-publish","hentry"],"_links":{"self":[{"href":"https:\/\/supyoga.cat\/ca\/wp-json\/wp\/v2\/pages\/34837","targetHints":{"allow":["GET"]}}],"collection":[{"href":"https:\/\/supyoga.cat\/ca\/wp-json\/wp\/v2\/pages"}],"about":[{"href":"https:\/\/supyoga.cat\/ca\/wp-json\/wp\/v2\/types\/page"}],"author":[{"embeddable":true,"href":"https:\/\/supyoga.cat\/ca\/wp-json\/wp\/v2\/users\/2"}],"replies":[{"embeddable":true,"href":"https:\/\/supyoga.cat\/ca\/wp-json\/wp\/v2\/comments?post=34837"}],"version-history":[{"count":0,"href":"https:\/\/supyoga.cat\/ca\/wp-json\/wp\/v2\/pages\/34837\/revisions"}],"wp:attachment":[{"href":"https:\/\/supyoga.cat\/ca\/wp-json\/wp\/v2\/media?parent=34837"}],"curies":[{"name":"wp","href":"https:\/\/api.w.org\/{rel}","templated":true}]}}