{"id":46257,"date":"2023-03-09T23:34:07","date_gmt":"2023-03-09T21:34:07","guid":{"rendered":"https:\/\/supyoga.cat\/nuestro-compromiso\/"},"modified":"2023-03-15T10:51:20","modified_gmt":"2023-03-15T08:51:20","slug":"el-nostre-compromis","status":"publish","type":"page","link":"https:\/\/supyoga.cat\/ca\/el-nostre-compromis\/","title":{"rendered":"El nostre comprom\u00eds"},"content":{"rendered":"\t\t<div data-elementor-type=\"wp-page\" data-elementor-id=\"46257\" class=\"elementor elementor-46257 elementor-46249\">\n\t\t\t\t\t\t<section data-exad-particle-enable=\"false\" class=\"elementor-section elementor-top-section elementor-element elementor-element-2a216a8 elementor-section-boxed elementor-section-height-default elementor-section-height-default exad-parallax-effect-no exad-background-color-change-no exad-glass-effect-no exad-sticky-section-no\" data-id=\"2a216a8\" data-element_type=\"section\" data-e-type=\"section\">\n\t\t\t\t\t\t<div class=\"elementor-container elementor-column-gap-default\">\n\t\t\t\t\t<div class=\"elementor-column elementor-col-100 elementor-top-column elementor-element elementor-element-575ef21 exad-glass-effect-no exad-sticky-section-no\" data-id=\"575ef21\" data-element_type=\"column\" data-e-type=\"column\">\n\t\t\t<div class=\"elementor-widget-wrap\">\n\t\t\t\t\t\t\t<\/div>\n\t\t<\/div>\n\t\t\t\t\t<\/div>\n\t\t<\/section>\n\t\t\t\t<section data-exad-particle-enable=\"false\" class=\"elementor-section elementor-top-section elementor-element elementor-element-7f1ce6a1 elementor-section-full_width elementor-section-height-min-height elementor-section-height-default elementor-section-items-middle exad-parallax-effect-no exad-background-color-change-no exad-glass-effect-no exad-sticky-section-no\" data-id=\"7f1ce6a1\" data-element_type=\"section\" data-e-type=\"section\" data-settings=\"{&quot;background_background&quot;:&quot;classic&quot;}\">\n\t\t\t\t\t\t\t<div class=\"elementor-background-overlay\"><\/div>\n\t\t\t\t\t\t\t<div class=\"elementor-container elementor-column-gap-default\">\n\t\t\t\t\t<div class=\"elementor-column elementor-col-100 elementor-top-column elementor-element elementor-element-5388fb73 exad-glass-effect-no exad-sticky-section-no\" data-id=\"5388fb73\" data-element_type=\"column\" data-e-type=\"column\">\n\t\t\t<div class=\"elementor-widget-wrap elementor-element-populated\">\n\t\t\t\t\t\t<div class=\"elementor-element elementor-element-206838e0 elementor-view-default elementor-position-top exad-sticky-section-no exad-glass-effect-no elementor-widget elementor-widget-themo-header\" data-id=\"206838e0\" data-element_type=\"widget\" data-e-type=\"widget\" data-widget_type=\"themo-header.default\">\n\t\t\t\t<div class=\"elementor-widget-container\">\n\t\t\t\t\t\t\t<div class=\"th-header-wrap\">\n        <div class=\"elementor-icon-box-wrapper \">\n                            <div class=\"elementor-icon-box-content\">\n                    <h1 class=\"elementor-icon-box-title\">\n                        Nuestro compromiso                    <\/h1>\n                                        <p class=\"elementor-icon-box-description\"><\/p>\n\n                                    <\/div>\n            <\/div>\n\n        <\/div>\n\n\t\t\t\t\t\t<\/div>\n\t\t\t\t<\/div>\n\t\t\t\t\t<\/div>\n\t\t<\/div>\n\t\t\t\t\t<\/div>\n\t\t<\/section>\n\t\t\t\t<section data-exad-particle-enable=\"false\" class=\"elementor-section elementor-top-section elementor-element elementor-element-10ced412 elementor-section-boxed elementor-section-height-default elementor-section-height-default exad-parallax-effect-no exad-background-color-change-no exad-glass-effect-no exad-sticky-section-no\" data-id=\"10ced412\" data-element_type=\"section\" data-e-type=\"section\">\n\t\t\t\t\t\t<div class=\"elementor-container elementor-column-gap-default\">\n\t\t\t\t\t<div class=\"elementor-column elementor-col-100 elementor-top-column elementor-element elementor-element-17211de7 exad-glass-effect-no exad-sticky-section-no\" data-id=\"17211de7\" data-element_type=\"column\" data-e-type=\"column\">\n\t\t\t<div class=\"elementor-widget-wrap elementor-element-populated\">\n\t\t\t\t\t\t<div class=\"elementor-element elementor-element-6b53fbcf exad-sticky-section-no exad-glass-effect-no elementor-widget elementor-widget-spacer\" data-id=\"6b53fbcf\" data-element_type=\"widget\" data-e-type=\"widget\" data-widget_type=\"spacer.default\">\n\t\t\t\t<div class=\"elementor-widget-container\">\n\t\t\t\t\t\t\t<div class=\"elementor-spacer\">\n\t\t\t<div class=\"elementor-spacer-inner\"><\/div>\n\t\t<\/div>\n\t\t\t\t\t\t<\/div>\n\t\t\t\t<\/div>\n\t\t\t\t<div class=\"elementor-element elementor-element-4b061338 elementor-view-default elementor-position-top exad-sticky-section-no exad-glass-effect-no elementor-widget elementor-widget-themo-header\" data-id=\"4b061338\" data-element_type=\"widget\" data-e-type=\"widget\" data-widget_type=\"themo-header.default\">\n\t\t\t\t<div class=\"elementor-widget-container\">\n\t\t\t\t\t\t\t<div class=\"th-header-wrap\">\n        <div class=\"elementor-icon-box-wrapper th-show-icon\">\n                            <div class=\"elementor-icon-box-icon th-icon-size-md\">\n                    <span class=\"elementor-icon \">\n                        <i aria-hidden=\"true\" class=\"fasth-trip travelpack-direction-sign\"><\/i>                    <\/span>\n                <\/div>\n                                <div class=\"elementor-icon-box-content\">\n                    <h2 class=\"elementor-icon-box-title\">\n                        La nostra entitat                    <\/h2>\n                                        <p class=\"elementor-icon-box-description\">Benvinguts a la nostra entitat sense \u00e0nim de lucre especialitzada en el ioga i el Paddle surf, on ens enfoquem en la connexi\u00f3 amb la natura i la conservaci\u00f3 dels mars. Creiem fermament que la pr\u00e0ctica d'aquestes disciplines esportives enriqueix no sols la nostra salut f\u00edsica, sin\u00f3 tamb\u00e9 la nostra relaci\u00f3 amb el medi ambient.\n\nEns comprometem a ser una entitat respectuosa amb el medi ambient i la nostra costa catalana, on duem a terme esdeveniments puntuals per fomentar la conservaci\u00f3 del medi mar\u00ed. Aquests esdeveniments s\u00f3n una oportunitat perqu\u00e8 els membres de la nostra comunitat s'uneixin en una causa comuna i aprenguin sobre els problemes que enfronta el nostre entorn mar\u00ed. A m\u00e9s, aquests esdeveniments ens permeten recol\u00b7lectar dades importants sobre la salut dels mars, els quals compartim amb organitzacions que treballen per protegir-los.\n\nEls nostres esdeveniments no nom\u00e9s s\u00f3n una oportunitat per aprendre i prendre mesures, sin\u00f3 que tamb\u00e9 s\u00f3n una oportunitat per connectar-se amb altres membres de la comunitat que comparteixen la nostra passi\u00f3 pel ioga i el Paddle surf. Con\u00e8ixer persones noves i compartir experi\u00e8ncies \u00faniques \u00e9s una de les parts m\u00e9s gratificants de pert\u00e0nyer a la nostra entitat. \u00c9s per aix\u00f2 que ens esforcem per crear un ambient acollidor i amigable per a tots els nostres membres.\n\nA m\u00e9s dels nostres esdeveniments de conservaci\u00f3, tamb\u00e9 oferim classes regulars de ioga i Paddle surf per a aquells que volen millorar la seva pr\u00e0ctica o simplement provar alguna cosa nova. Les nostres classes estan dissenyades per adaptar-se a tots els nivells d\u00b4habilitat, des de principiants fins a avan\u00e7ats. Ens enorgulleix oferir un ambient segur i acollidor perqu\u00e8 els nostres membres puguin aprendre i cr\u00e9ixer a la seva pr\u00e0ctica.\n\nEntenem que la pr\u00e0ctica d\u201faquestes disciplines esportives pot ser beneficiosa per a la salut mental i f\u00edsica, i tamb\u00e9 pot ajudar a alleujar l\u201festr\u00e8s il\u201fansietat. \u00c9s per aix\u00f2 que ens comprometem a oferir una experi\u00e8ncia completa als nostres membres, enfocant-nos en el vostre benestar tant dins com fora de l'aigua.\n\nEn resum, la nostra entitat \u00e9s una comunitat on la connexi\u00f3 amb la natura, la pr\u00e0ctica esportiva i la conservaci\u00f3 dels mars s'uneixen. Ens esforcem per ser una entitat amigable i acollidora per a tots els membres, i esperem poder veure't en un dels nostres esdeveniments o classes en un futur proper. Junts podem fer la difer\u00e8ncia i protegir els nostres mars per a les generacions futures.<\/p>\n\n                                    <\/div>\n            <\/div>\n\n        <\/div>\n\n\t\t\t\t\t\t<\/div>\n\t\t\t\t<\/div>\n\t\t\t\t<div class=\"elementor-element elementor-element-60d963c2 exad-sticky-section-no exad-glass-effect-no elementor-widget elementor-widget-spacer\" data-id=\"60d963c2\" data-element_type=\"widget\" data-e-type=\"widget\" data-widget_type=\"spacer.default\">\n\t\t\t\t<div class=\"elementor-widget-container\">\n\t\t\t\t\t\t\t<div class=\"elementor-spacer\">\n\t\t\t<div class=\"elementor-spacer-inner\"><\/div>\n\t\t<\/div>\n\t\t\t\t\t\t<\/div>\n\t\t\t\t<\/div>\n\t\t\t\t\t<\/div>\n\t\t<\/div>\n\t\t\t\t\t<\/div>\n\t\t<\/section>\n\t\t\t\t<section data-exad-particle-enable=\"false\" class=\"elementor-section elementor-top-section elementor-element elementor-element-24a49f11 elementor-section-full_width elementor-section-height-default elementor-section-height-default exad-parallax-effect-no exad-background-color-change-no exad-glass-effect-no exad-sticky-section-no\" data-id=\"24a49f11\" data-element_type=\"section\" data-e-type=\"section\">\n\t\t\t\t\t\t<div class=\"elementor-container elementor-column-gap-no\">\n\t\t\t\t\t<div class=\"elementor-column elementor-col-100 elementor-top-column elementor-element elementor-element-50fc371 exad-glass-effect-no exad-sticky-section-no\" data-id=\"50fc371\" data-element_type=\"column\" data-e-type=\"column\">\n\t\t\t<div class=\"elementor-widget-wrap elementor-element-populated\">\n\t\t\t\t\t\t<div class=\"elementor-element elementor-element-345f3579 elementor-arrows-position-inside elementor-pagination-position-outside exad-sticky-section-no exad-glass-effect-no elementor-widget elementor-widget-image-carousel\" data-id=\"345f3579\" data-element_type=\"widget\" data-e-type=\"widget\" data-settings=\"{&quot;navigation&quot;:&quot;both&quot;,&quot;autoplay&quot;:&quot;yes&quot;,&quot;pause_on_hover&quot;:&quot;yes&quot;,&quot;pause_on_interaction&quot;:&quot;yes&quot;,&quot;autoplay_speed&quot;:5000,&quot;infinite&quot;:&quot;yes&quot;,&quot;speed&quot;:500}\" data-widget_type=\"image-carousel.default\">\n\t\t\t\t<div class=\"elementor-widget-container\">\n\t\t\t\t\t\t\t<div class=\"elementor-image-carousel-wrapper swiper\" role=\"region\" aria-roledescription=\"carousel\" aria-label=\"Carrusel d&#039;imatges\" dir=\"ltr\">\n\t\t\t<div class=\"elementor-image-carousel swiper-wrapper swiper-image-stretch\" aria-live=\"off\">\n\t\t\t\t\t\t\t\t<div class=\"swiper-slide\" role=\"group\" aria-roledescription=\"slide\" aria-label=\"1 de 3\"><figure class=\"swiper-slide-inner\"><img decoding=\"async\" class=\"swiper-slide-image\" src=\"https:\/\/supyoga.cat\/wp-content\/uploads\/2022\/06\/Formacion-SUPYoga-Nivel-1-Mayo-2023-605x465.jpg\" alt=\"Formacio\u0301n SUPYoga Nivel 1 | Mayo 2023\" title=\"\"><\/figure><\/div><div class=\"swiper-slide\" role=\"group\" aria-roledescription=\"slide\" aria-label=\"2 de 3\"><figure class=\"swiper-slide-inner\"><img decoding=\"async\" class=\"swiper-slide-image\" src=\"https:\/\/supyoga.cat\/wp-content\/uploads\/2023\/01\/formacion-sup-yoga-605x465.jpg\" alt=\"formacio\u0301n sup yoga\" title=\"\"><\/figure><\/div><div class=\"swiper-slide\" role=\"group\" aria-roledescription=\"slide\" aria-label=\"3 de 3\"><figure class=\"swiper-slide-inner\"><img decoding=\"async\" class=\"swiper-slide-image\" src=\"https:\/\/supyoga.cat\/wp-content\/uploads\/2022\/12\/yoga-barcelona-605x465.jpg\" alt=\"yoga barcelona\" title=\"\"><\/figure><\/div>\t\t\t<\/div>\n\t\t\t\t\t\t\t\t\t\t\t\t<div class=\"elementor-swiper-button elementor-swiper-button-prev\" role=\"button\" tabindex=\"0\">\n\t\t\t\t\t\t<i aria-hidden=\"true\" class=\"eicon-chevron-left\"><\/i>\t\t\t\t\t<\/div>\n\t\t\t\t\t<div class=\"elementor-swiper-button elementor-swiper-button-next\" role=\"button\" tabindex=\"0\">\n\t\t\t\t\t\t<i aria-hidden=\"true\" class=\"eicon-chevron-right\"><\/i>\t\t\t\t\t<\/div>\n\t\t\t\t\n\t\t\t\t\t\t\t\t\t<div class=\"swiper-pagination\"><\/div>\n\t\t\t\t\t\t\t\t\t<\/div>\n\t\t\t\t\t\t<\/div>\n\t\t\t\t<\/div>\n\t\t\t\t\t<\/div>\n\t\t<\/div>\n\t\t\t\t\t<\/div>\n\t\t<\/section>\n\t\t\t\t<\/div>\n\t\t","protected":false},"excerpt":{"rendered":"<p>Nuestro compromiso La nostra entitat Benvinguts a la nostra entitat sense \u00e0nim de lucre especialitzada en el ioga i el Paddle surf, on ens enfoquem en la connexi\u00f3 amb la natura i la conservaci\u00f3 dels mars. Creiem fermament que la &hellip; <a href=\"https:\/\/supyoga.cat\/ca\/el-nostre-compromis\/\">Read More<\/a><\/p>\n","protected":false},"author":2,"featured_media":0,"parent":0,"menu_order":0,"comment_status":"closed","ping_status":"closed","template":"","meta":{"footnotes":""},"class_list":["post-46257","page","type-page","status-publish","hentry"],"_links":{"self":[{"href":"https:\/\/supyoga.cat\/ca\/wp-json\/wp\/v2\/pages\/46257","targetHints":{"allow":["GET"]}}],"collection":[{"href":"https:\/\/supyoga.cat\/ca\/wp-json\/wp\/v2\/pages"}],"about":[{"href":"https:\/\/supyoga.cat\/ca\/wp-json\/wp\/v2\/types\/page"}],"author":[{"embeddable":true,"href":"https:\/\/supyoga.cat\/ca\/wp-json\/wp\/v2\/users\/2"}],"replies":[{"embeddable":true,"href":"https:\/\/supyoga.cat\/ca\/wp-json\/wp\/v2\/comments?post=46257"}],"version-history":[{"count":0,"href":"https:\/\/supyoga.cat\/ca\/wp-json\/wp\/v2\/pages\/46257\/revisions"}],"wp:attachment":[{"href":"https:\/\/supyoga.cat\/ca\/wp-json\/wp\/v2\/media?parent=46257"}],"curies":[{"name":"wp","href":"https:\/\/api.w.org\/{rel}","templated":true}]}}