{"id":57174,"date":"2025-03-19T16:29:31","date_gmt":"2025-03-19T14:29:31","guid":{"rendered":"https:\/\/supyoga.cat\/mujer-oceano-amanece\/"},"modified":"2025-05-17T10:17:02","modified_gmt":"2025-05-17T08:17:02","slug":"mujer-oceano-amanece","status":"publish","type":"page","link":"https:\/\/supyoga.cat\/ca\/mujer-oceano-amanece\/","title":{"rendered":"Mujer Oc\u00e9ano"},"content":{"rendered":"\t\t<div data-elementor-type=\"wp-page\" data-elementor-id=\"57174\" class=\"elementor elementor-57174 elementor-56463\">\n\t\t\t\t\t\t<section data-exad-particle-enable=\"false\" class=\"elementor-section elementor-top-section elementor-element elementor-element-6d841b48 elementor-section-height-min-height elementor-section-items-bottom elementor-section-boxed elementor-section-height-default exad-parallax-effect-no exad-background-color-change-no exad-glass-effect-no exad-sticky-section-no\" data-id=\"6d841b48\" data-element_type=\"section\" data-e-type=\"section\" data-settings=\"{&quot;background_background&quot;:&quot;classic&quot;}\">\n\t\t\t\t\t\t\t<div class=\"elementor-background-overlay\"><\/div>\n\t\t\t\t\t\t\t<div class=\"elementor-container elementor-column-gap-default\">\n\t\t\t\t\t<div class=\"elementor-column elementor-col-100 elementor-top-column elementor-element elementor-element-28ffcf3 exad-glass-effect-no exad-sticky-section-no\" data-id=\"28ffcf3\" data-element_type=\"column\" data-e-type=\"column\">\n\t\t\t<div class=\"elementor-widget-wrap elementor-element-populated\">\n\t\t\t\t\t\t<div class=\"elementor-element elementor-element-38be95a8 elementor-view-default elementor-position-top exad-sticky-section-no exad-glass-effect-no elementor-widget elementor-widget-themo-header\" data-id=\"38be95a8\" data-element_type=\"widget\" data-e-type=\"widget\" data-widget_type=\"themo-header.default\">\n\t\t\t\t<div class=\"elementor-widget-container\">\n\t\t\t\t\t\t\t<div class=\"th-header-wrap\">\n        <div class=\"elementor-icon-box-wrapper \">\n                            <div class=\"elementor-icon-box-content\">\n                    <h1 class=\"elementor-icon-box-title\">\n                        Mujer Oc\u00e9ano                    <\/h1>\n                                        <p class=\"elementor-icon-box-description\">Encuentros entre mujeres<\/p>\n\n                                    <\/div>\n            <\/div>\n\n        <\/div>\n\n\t\t\t\t\t\t<\/div>\n\t\t\t\t<\/div>\n\t\t\t\t\t<\/div>\n\t\t<\/div>\n\t\t\t\t\t<\/div>\n\t\t<\/section>\n\t\t\t\t<section data-exad-particle-enable=\"false\" class=\"elementor-section elementor-top-section elementor-element elementor-element-c5cbfe4 elementor-section-full_width elementor-section-height-default elementor-section-height-default exad-parallax-effect-no exad-background-color-change-no exad-glass-effect-no exad-sticky-section-no\" data-id=\"c5cbfe4\" data-element_type=\"section\" data-e-type=\"section\" data-settings=\"{&quot;background_background&quot;:&quot;classic&quot;}\">\n\t\t\t\t\t\t<div class=\"elementor-container elementor-column-gap-default\">\n\t\t\t\t\t<div class=\"elementor-column elementor-col-100 elementor-top-column elementor-element elementor-element-8c524b5 exad-glass-effect-no exad-sticky-section-no\" data-id=\"8c524b5\" data-element_type=\"column\" data-e-type=\"column\">\n\t\t\t<div class=\"elementor-widget-wrap elementor-element-populated\">\n\t\t\t\t\t\t<div class=\"elementor-element elementor-element-7e33854c exad-sticky-section-no exad-glass-effect-no elementor-widget elementor-widget-themo-tour-info\" data-id=\"7e33854c\" data-element_type=\"widget\" data-e-type=\"widget\" data-widget_type=\"themo-tour-info.default\">\n\t\t\t\t<div class=\"elementor-widget-container\">\n\t\t\t\t\t\t\t<div class=\"th-tour-nav\">\n\n            \n                            <div class=\"th-tour-nav-btn\">\n                <a class=\"btn-1 btn th-btn btn-ghost-light\" href=\"#comprar\">\n                                            Reservar                                    <\/a>\n                <\/div>\n            \n\t\t\t<div class=\"th-tour-nav-items\">\n\t\t\t\t                \t\t\t\t\t<span class=\"th-tour-nav-item\">\n                        <i aria-hidden=\"true\" class=\"far fa-calendar-check\"><\/i>\t\t\t\t\t\t<span>1 junio<\/span>\n\t\t\t\t\t<\/span>\n                    \t\t\t\t\t<span class=\"th-tour-nav-item\">\n                        <i aria-hidden=\"true\" class=\"fas fa-user\"><\/i>\t\t\t\t\t\t<span>Plazas limitadas<\/span>\n\t\t\t\t\t<\/span>\n                    \t\t\t\t\t<span class=\"th-tour-nav-item\">\n                        <i aria-hidden=\"true\" class=\"remixicon ri-timer-line\"><\/i>\t\t\t\t\t\t<span>6:30h - 10:00h<\/span>\n\t\t\t\t\t<\/span>\n                    \t\t\t\t\t<span class=\"th-tour-nav-item\">\n                        <i aria-hidden=\"true\" class=\"fas fa-map-marked-alt\"><\/i>\t\t\t\t\t\t<span>Playa del San Sebasti\u00e1n (Barcelona)<\/span>\n\t\t\t\t\t<\/span>\n                    \t\t\t<\/div>\n\t\t<\/div>\n\t\t\t\t\t\t<\/div>\n\t\t\t\t<\/div>\n\t\t\t\t\t<\/div>\n\t\t<\/div>\n\t\t\t\t\t<\/div>\n\t\t<\/section>\n\t\t\t\t<section data-exad-particle-enable=\"false\" class=\"elementor-section elementor-top-section elementor-element elementor-element-3eb3111a elementor-section-full_width elementor-section-height-default elementor-section-height-default exad-parallax-effect-no exad-background-color-change-no exad-glass-effect-no exad-sticky-section-no\" data-id=\"3eb3111a\" data-element_type=\"section\" data-e-type=\"section\">\n\t\t\t\t\t\t<div class=\"elementor-container elementor-column-gap-default\">\n\t\t\t\t\t<div class=\"elementor-column elementor-col-66 elementor-top-column elementor-element elementor-element-1a3338a4 exad-glass-effect-no exad-sticky-section-no\" data-id=\"1a3338a4\" data-element_type=\"column\" data-e-type=\"column\">\n\t\t\t<div class=\"elementor-widget-wrap elementor-element-populated\">\n\t\t\t\t\t\t<div class=\"elementor-element elementor-element-71ecac1b exad-sticky-section-no exad-glass-effect-no elementor-widget elementor-widget-heading\" data-id=\"71ecac1b\" data-element_type=\"widget\" data-e-type=\"widget\" data-widget_type=\"heading.default\">\n\t\t\t\t<div class=\"elementor-widget-container\">\n\t\t\t\t\t<h3 class=\"elementor-heading-title elementor-size-default\">MUJER OC\u00c9ANO<\/h3>\t\t\t\t<\/div>\n\t\t\t\t<\/div>\n\t\t\t\t<div class=\"elementor-element elementor-element-21e7744 exad-sticky-section-no exad-glass-effect-no elementor-widget elementor-widget-text-editor\" data-id=\"21e7744\" data-element_type=\"widget\" data-e-type=\"widget\" id=\"comprar\" data-widget_type=\"text-editor.default\">\n\t\t\t\t<div class=\"elementor-widget-container\">\n\t\t\t\t\t\t\t\t\t<p><span style=\"font-weight: 400;\">Mujer Oc\u00e9ano es un ciclo de encuentros presenciales para mujeres que te invita a sumergirte en un viaje interior a trav\u00e9s del simbolismo de los oc\u00e9anos. <\/span><\/p>\t\t\t\t\t\t\t\t<\/div>\n\t\t\t\t<\/div>\n\t\t\t\t<div class=\"elementor-element elementor-element-edcf54e exad-sticky-section-no exad-glass-effect-no elementor-widget elementor-widget-heading\" data-id=\"edcf54e\" data-element_type=\"widget\" data-e-type=\"widget\" data-widget_type=\"heading.default\">\n\t\t\t\t<div class=\"elementor-widget-container\">\n\t\t\t\t\t<h3 class=\"elementor-heading-title elementor-size-default\">Encuentro 1 junio 2025<\/h3>\t\t\t\t<\/div>\n\t\t\t\t<\/div>\n\t\t\t\t<div class=\"elementor-element elementor-element-0c67390 exad-sticky-section-no exad-glass-effect-no elementor-widget elementor-widget-text-editor\" data-id=\"0c67390\" data-element_type=\"widget\" data-e-type=\"widget\" data-widget_type=\"text-editor.default\">\n\t\t\t\t<div class=\"elementor-widget-container\">\n\t\t\t\t\t\t\t\t\t<p><span style=\"font-weight: 400;\">Imagina comenzar el d\u00eda flotando en silencio sobre el mar, en tu tabla de paddle, mientras el cielo a\u00fan guarda los \u00faltimos tonos de la noche.<\/span><\/p><p>Juntas esperaremos ese instante sagrado en el que el sol aparece en el horizonte, dejando que su luz despierte suavemente nuestro cuerpo y alma.<\/p><p><span style=\"font-weight: 400;\">Despu\u00e9s nos anclaremos y daremos paso a una pr\u00e1ctica de <\/span><b>SUP yoga<\/b><span style=\"font-weight: 400;\">, movi\u00e9ndonos con fluidez sobre el agua, en conexi\u00f3n con la respiraci\u00f3n, la calma y la fuerza femenina.<\/span><\/p><p><span style=\"font-weight: 400;\">Seguidamente, nos dejaremos envolver por una <\/span><b>relajaci\u00f3n sonora<\/b><span style=\"font-weight: 400;\">, permitiendo que las vibraciones nos gu\u00eden hacia la quietud interior. Y, desde ese estado de apertura, nos sumergiremos en un <\/span><b>viaje cham\u00e1nico<\/b><span style=\"font-weight: 400;\">, donde los sonidos sagrados y la energ\u00eda del mar nos acompa\u00f1ar\u00e1n hacia lo m\u00e1s profundo de nuestro ser.<\/span><\/p><p><span style=\"font-weight: 400;\">Cerramos el encuentro con un desayuno delicioso y el placer de compartir con otras mujeres que, como t\u00fa, sienten la llamada del oc\u00e9ano.<\/span><\/p><ul><li><em><span style=\"text-decoration: underline;\"><strong>\u00bfQU\u00c9 INCLUYE? <\/strong><\/span><\/em><ul><li><em>Material para la actividad, salida paddle surf, clase SUP yoga, ritual mujer oc\u00e9ano, relajaci\u00f3n sonora, viaje cham\u00e1nico, desayuno.<\/em><\/li><li><em>Instalaciones con duchas y taquillas: <strong><a href=\"https:\/\/maps.app.goo.gl\/dpMJK1MCzAfEZnJz7\" target=\"_blank\" rel=\"noopener\">SUP Yoga Cat<\/a><\/strong><\/em><\/li><\/ul><\/li><\/ul>\t\t\t\t\t\t\t\t<\/div>\n\t\t\t\t<\/div>\n\t\t\t\t<div class=\"elementor-element elementor-element-6ab9de8 exad-sticky-section-no exad-glass-effect-no elementor-widget elementor-widget-google_maps\" data-id=\"6ab9de8\" data-element_type=\"widget\" data-e-type=\"widget\" data-widget_type=\"google_maps.default\">\n\t\t\t\t<div class=\"elementor-widget-container\">\n\t\t\t\t\t\t\t<div class=\"elementor-custom-embed\">\n\t\t\t<iframe loading=\"lazy\"\n\t\t\t\t\tsrc=\"https:\/\/maps.google.com\/maps?q=Centre%20SUP%20Yoga%20Catalunya%20Barcelona&t=m&z=10&output=embed&iwloc=near\"\n\t\t\t\t\ttitle=\"Centre SUP Yoga Catalunya Barcelona\"\n\t\t\t\t\taria-label=\"Centre SUP Yoga Catalunya Barcelona\"\n\t\t\t><\/iframe>\n\t\t<\/div>\n\t\t\t\t\t\t<\/div>\n\t\t\t\t<\/div>\n\t\t\t\t\t<\/div>\n\t\t<\/div>\n\t\t\t\t<div class=\"elementor-column elementor-col-33 elementor-top-column elementor-element elementor-element-2313a8ca exad-glass-effect-no exad-sticky-section-no\" data-id=\"2313a8ca\" data-element_type=\"column\" data-e-type=\"column\">\n\t\t\t<div class=\"elementor-widget-wrap elementor-element-populated\">\n\t\t\t\t\t\t<div class=\"elementor-element elementor-element-19c4833 elementor-position-inline-start animated-slow elementor-view-default elementor-mobile-position-block-start exad-sticky-section-no exad-glass-effect-no elementor-invisible elementor-widget elementor-widget-icon-box\" data-id=\"19c4833\" data-element_type=\"widget\" data-e-type=\"widget\" data-settings=\"{&quot;_animation&quot;:&quot;bounceInUp&quot;}\" data-widget_type=\"icon-box.default\">\n\t\t\t\t<div class=\"elementor-widget-container\">\n\t\t\t\t\t\t\t<div class=\"elementor-icon-box-wrapper\">\n\n\t\t\t\t\t\t<div class=\"elementor-icon-box-icon\">\n\t\t\t\t<span  class=\"elementor-icon\">\n\t\t\t\t<i aria-hidden=\"true\" class=\"teenyicon ti-arrow-down\"><\/i>\t\t\t\t<\/span>\n\t\t\t<\/div>\n\t\t\t\n\t\t\t\t\t\t<div class=\"elementor-icon-box-content\">\n\n\t\t\t\t\t\t\t\t\t<h3 class=\"elementor-icon-box-title\">\n\t\t\t\t\t\t<span  >\n\t\t\t\t\t\t\tHaz clic para reservar\t\t\t\t\t\t<\/span>\n\t\t\t\t\t<\/h3>\n\t\t\t\t\n\t\t\t\t\n\t\t\t<\/div>\n\t\t\t\n\t\t<\/div>\n\t\t\t\t\t\t<\/div>\n\t\t\t\t<\/div>\n\t\t\t\t<div class=\"exad-link-anything-wrapper elementor-element elementor-element-58ec1e0 exad-sticky-section-no exad-glass-effect-no elementor-widget elementor-widget-themo-package\" data-exad-element-link=\"{&quot;url&quot;:&quot;https:\\\/\\\/supyoga.cat\\\/producto\\\/mujer-oceano-oasis\\\/&quot;,&quot;is_external&quot;:&quot;&quot;,&quot;nofollow&quot;:&quot;&quot;,&quot;custom_attributes&quot;:&quot;&quot;}\" style=\"cursor: pointer\" data-id=\"58ec1e0\" data-element_type=\"widget\" data-e-type=\"widget\" data-widget_type=\"themo-package.default\">\n\t\t\t\t<div class=\"elementor-widget-container\">\n\t\t\t\t\t\n\t\t<article class=\"th-package\">\n\n\t\t\t\t\t\t\t<a class=\"th-pkg-click\" href=\"https:\/\/supyoga.cat\/producto\/mujer-oceano-amanece-con-el-mar\/\"><\/a>\n\t\t\t\n\t\t\t<div class=\"th-pkg-info\">\n\t\t\t\t\t\t\t\t\t<h4>44\u20ac<\/h4>\n\t\t\t\t\t\t\t\t\t\t\t<\/div>\n\n                        <div class=\"th-pkg-img\">\n                <img fetchpriority=\"high\" decoding=\"async\" width=\"313\" height=\"303\" src=\"https:\/\/supyoga.cat\/wp-content\/uploads\/2025\/03\/mujer-oceano-3-313x303.png\" class=\"\" alt=\"\" title=\"\">            <\/div>\n\n\t\t\t<div class=\"th-pkg-content\">\n                                    <div class=\"th-package-pre-title\">1 JUNIO<\/div>\n                \t\t\t\t\t\t\t\t\t<h3>AMANECE CON EL MAR<\/h3>\n\t\t\t\t\t\t\t\t\t\t\t\t\t<div class=\"th-package-content\">\n\t\t\t\t\t\tEncuentro femenino al amanecer con paddle surf, SUP yoga, relajaci\u00f3n sonora y viaje cham\u00e1nico. Conexi\u00f3n profunda con el mar.\t\t\t\t\t<\/div>\n\t\t\t\t\t\t\t<\/div>\n\n\t\t<\/article>\n\n\t\t\t\t\t\t<\/div>\n\t\t\t\t<\/div>\n\t\t\t\t<div class=\"elementor-element elementor-element-6a4344f2 exad-sticky-section-no exad-glass-effect-no elementor-widget elementor-widget-text-editor\" data-id=\"6a4344f2\" data-element_type=\"widget\" data-e-type=\"widget\" data-widget_type=\"text-editor.default\">\n\t\t\t\t<div class=\"elementor-widget-container\">\n\t\t\t\t\t\t\t\t\t<h5>\u00bfD\u00f3nde?<\/h5><p><strong>Barcelona<\/strong><\/p><p><strong>Centre SUPYoga Catalunya<\/strong><\/p><p>Passeig del Mare Nostrum, 14, Ciutat Vella, 08039 Barcelona<\/p><p><a href=\"https:\/\/goo.gl\/maps\/NTkCJHf5Fc9utn278\" target=\"_blank\" rel=\"noopener\">C\u00f3mo llegar<\/a><\/p>\t\t\t\t\t\t\t\t<\/div>\n\t\t\t\t<\/div>\n\t\t\t\t\t<\/div>\n\t\t<\/div>\n\t\t\t\t\t<\/div>\n\t\t<\/section>\n\t\t\t\t<section data-exad-particle-enable=\"false\" class=\"elementor-section elementor-top-section elementor-element elementor-element-b258060 elementor-section-full_width elementor-section-stretched elementor-section-height-default elementor-section-height-default exad-parallax-effect-no exad-background-color-change-no exad-glass-effect-no exad-sticky-section-no\" data-id=\"b258060\" data-element_type=\"section\" data-e-type=\"section\" data-settings=\"{&quot;stretch_section&quot;:&quot;section-stretched&quot;}\">\n\t\t\t\t\t\t<div class=\"elementor-container elementor-column-gap-no\">\n\t\t\t\t\t<div class=\"elementor-column elementor-col-100 elementor-top-column elementor-element elementor-element-6443b1c exad-glass-effect-no exad-sticky-section-no\" data-id=\"6443b1c\" data-element_type=\"column\" data-e-type=\"column\">\n\t\t\t<div class=\"elementor-widget-wrap elementor-element-populated\">\n\t\t\t\t\t\t<div class=\"elementor-element elementor-element-2ba524f9 exad-sticky-section-no exad-glass-effect-no elementor-widget elementor-widget-image-carousel\" data-id=\"2ba524f9\" data-element_type=\"widget\" data-e-type=\"widget\" data-settings=\"{&quot;slides_to_show&quot;:&quot;4&quot;,&quot;navigation&quot;:&quot;none&quot;,&quot;autoplay&quot;:&quot;yes&quot;,&quot;pause_on_hover&quot;:&quot;yes&quot;,&quot;pause_on_interaction&quot;:&quot;yes&quot;,&quot;autoplay_speed&quot;:5000,&quot;infinite&quot;:&quot;yes&quot;,&quot;speed&quot;:500}\" data-widget_type=\"image-carousel.default\">\n\t\t\t\t<div class=\"elementor-widget-container\">\n\t\t\t\t\t\t\t<div class=\"elementor-image-carousel-wrapper swiper\" role=\"region\" aria-roledescription=\"carousel\" aria-label=\"Carrusel d&#039;imatges\" dir=\"ltr\">\n\t\t\t<div class=\"elementor-image-carousel swiper-wrapper swiper-image-stretch\" aria-live=\"off\">\n\t\t\t\t\t\t\t\t<div class=\"swiper-slide\" role=\"group\" aria-roledescription=\"slide\" aria-label=\"1 de 5\"><figure class=\"swiper-slide-inner\"><img decoding=\"async\" class=\"swiper-slide-image\" src=\"https:\/\/supyoga.cat\/wp-content\/uploads\/2025\/03\/mujer-oceano-.png\" alt=\"mujer oceano\" title=\"\"><\/figure><\/div><div class=\"swiper-slide\" role=\"group\" aria-roledescription=\"slide\" aria-label=\"2 de 5\"><figure class=\"swiper-slide-inner\"><img decoding=\"async\" class=\"swiper-slide-image\" src=\"https:\/\/supyoga.cat\/wp-content\/uploads\/2025\/03\/mujer-oceano-4.png\" alt=\"mujer oceano 4\" title=\"\"><\/figure><\/div><div class=\"swiper-slide\" role=\"group\" aria-roledescription=\"slide\" aria-label=\"3 de 5\"><figure class=\"swiper-slide-inner\"><img decoding=\"async\" class=\"swiper-slide-image\" src=\"https:\/\/supyoga.cat\/wp-content\/uploads\/2025\/03\/mujer-oceano-2.png\" alt=\"mujer oceano 2\" title=\"\"><\/figure><\/div><div class=\"swiper-slide\" role=\"group\" aria-roledescription=\"slide\" aria-label=\"4 de 5\"><figure class=\"swiper-slide-inner\"><img decoding=\"async\" class=\"swiper-slide-image\" src=\"https:\/\/supyoga.cat\/wp-content\/uploads\/2025\/03\/mujer-oceano-3.png\" alt=\"mujer oceano 3\" title=\"\"><\/figure><\/div><div class=\"swiper-slide\" role=\"group\" aria-roledescription=\"slide\" aria-label=\"5 de 5\"><figure class=\"swiper-slide-inner\"><img decoding=\"async\" class=\"swiper-slide-image\" src=\"https:\/\/supyoga.cat\/wp-content\/uploads\/2025\/03\/mujer-oceano-5.png\" alt=\"mujer oceano 5\" title=\"\"><\/figure><\/div>\t\t\t<\/div>\n\t\t\t\t\t\t\t\n\t\t\t\t\t\t\t\t\t<\/div>\n\t\t\t\t\t\t<\/div>\n\t\t\t\t<\/div>\n\t\t\t\t\t<\/div>\n\t\t<\/div>\n\t\t\t\t\t<\/div>\n\t\t<\/section>\n\t\t\t\t<section data-exad-particle-enable=\"false\" class=\"elementor-section elementor-top-section elementor-element elementor-element-106c59be elementor-section-full_width elementor-section-height-default elementor-section-height-default exad-parallax-effect-no exad-background-color-change-no exad-glass-effect-no exad-sticky-section-no\" data-id=\"106c59be\" data-element_type=\"section\" data-e-type=\"section\" data-settings=\"{&quot;background_background&quot;:&quot;classic&quot;}\">\n\t\t\t\t\t\t<div class=\"elementor-container elementor-column-gap-default\">\n\t\t\t\t\t<div class=\"elementor-column elementor-col-100 elementor-top-column elementor-element elementor-element-7479c7d7 exad-glass-effect-no exad-sticky-section-no\" data-id=\"7479c7d7\" data-element_type=\"column\" data-e-type=\"column\">\n\t\t\t<div class=\"elementor-widget-wrap elementor-element-populated\">\n\t\t\t\t\t\t<div class=\"elementor-element elementor-element-34165a7b exad-sticky-section-no exad-glass-effect-no elementor-widget elementor-widget-heading\" data-id=\"34165a7b\" data-element_type=\"widget\" data-e-type=\"widget\" data-widget_type=\"heading.default\">\n\t\t\t\t<div class=\"elementor-widget-container\">\n\t\t\t\t\t<h3 class=\"elementor-heading-title elementor-size-default\">F.A.Q.S Encuentros Mujer Oc\u00e9ano<\/h3>\t\t\t\t<\/div>\n\t\t\t\t<\/div>\n\t\t\t\t<section data-exad-particle-enable=\"false\" class=\"elementor-section elementor-inner-section elementor-element elementor-element-d57d25b elementor-section-full_width elementor-section-height-default elementor-section-height-default exad-parallax-effect-no exad-background-color-change-no exad-glass-effect-no exad-sticky-section-no\" data-id=\"d57d25b\" data-element_type=\"section\" data-e-type=\"section\">\n\t\t\t\t\t\t<div class=\"elementor-container elementor-column-gap-default\">\n\t\t\t\t\t<div class=\"elementor-column elementor-col-50 elementor-inner-column elementor-element elementor-element-cf51974 exad-glass-effect-no exad-sticky-section-no\" data-id=\"cf51974\" data-element_type=\"column\" data-e-type=\"column\">\n\t\t\t<div class=\"elementor-widget-wrap elementor-element-populated\">\n\t\t\t\t\t\t<div class=\"elementor-element elementor-element-e91378f exad-sticky-section-no exad-glass-effect-no elementor-widget elementor-widget-video\" data-id=\"e91378f\" data-element_type=\"widget\" data-e-type=\"widget\" data-settings=\"{&quot;youtube_url&quot;:&quot;https:\\\/\\\/youtu.be\\\/5wAchlGLFfQ&quot;,&quot;video_type&quot;:&quot;youtube&quot;,&quot;controls&quot;:&quot;yes&quot;}\" data-widget_type=\"video.default\">\n\t\t\t\t<div class=\"elementor-widget-container\">\n\t\t\t\t\t\t\t<div class=\"elementor-wrapper elementor-open-inline\">\n\t\t\t<div class=\"elementor-video\"><\/div>\t\t<\/div>\n\t\t\t\t\t\t<\/div>\n\t\t\t\t<\/div>\n\t\t\t\t\t<\/div>\n\t\t<\/div>\n\t\t\t\t<div class=\"elementor-column elementor-col-50 elementor-inner-column elementor-element elementor-element-f1afc7d elementor-hidden-mobile exad-glass-effect-no exad-sticky-section-no\" data-id=\"f1afc7d\" data-element_type=\"column\" data-e-type=\"column\">\n\t\t\t<div class=\"elementor-widget-wrap elementor-element-populated\">\n\t\t\t\t\t\t<div class=\"elementor-element elementor-element-78b141b exad-sticky-section-no exad-glass-effect-no elementor-widget elementor-widget-video\" data-id=\"78b141b\" data-element_type=\"widget\" data-e-type=\"widget\" data-settings=\"{&quot;youtube_url&quot;:&quot;https:\\\/\\\/youtu.be\\\/rP6fK0LSelQ&quot;,&quot;video_type&quot;:&quot;youtube&quot;,&quot;controls&quot;:&quot;yes&quot;}\" data-widget_type=\"video.default\">\n\t\t\t\t<div class=\"elementor-widget-container\">\n\t\t\t\t\t\t\t<div class=\"elementor-wrapper elementor-open-inline\">\n\t\t\t<div class=\"elementor-video\"><\/div>\t\t<\/div>\n\t\t\t\t\t\t<\/div>\n\t\t\t\t<\/div>\n\t\t\t\t\t<\/div>\n\t\t<\/div>\n\t\t\t\t\t<\/div>\n\t\t<\/section>\n\t\t\t\t\t<\/div>\n\t\t<\/div>\n\t\t\t\t\t<\/div>\n\t\t<\/section>\n\t\t\t\t<section data-exad-particle-enable=\"false\" class=\"elementor-section elementor-top-section elementor-element elementor-element-24919e3 elementor-section-full_width elementor-section-height-default elementor-section-height-default exad-parallax-effect-no exad-background-color-change-no exad-glass-effect-no exad-sticky-section-no\" data-id=\"24919e3\" data-element_type=\"section\" data-e-type=\"section\">\n\t\t\t\t\t\t<div class=\"elementor-container elementor-column-gap-default\">\n\t\t\t\t\t<div class=\"elementor-column elementor-col-100 elementor-top-column elementor-element elementor-element-500f82a exad-glass-effect-no exad-sticky-section-no\" data-id=\"500f82a\" data-element_type=\"column\" data-e-type=\"column\">\n\t\t\t<div class=\"elementor-widget-wrap elementor-element-populated\">\n\t\t\t\t\t\t<div class=\"elementor-element elementor-element-ce69fd3 exad-sticky-section-no exad-glass-effect-no elementor-widget elementor-widget-google_maps\" data-id=\"ce69fd3\" data-element_type=\"widget\" data-e-type=\"widget\" data-widget_type=\"google_maps.default\">\n\t\t\t\t<div class=\"elementor-widget-container\">\n\t\t\t\t\t\t\t<div class=\"elementor-custom-embed\">\n\t\t\t<iframe loading=\"lazy\"\n\t\t\t\t\tsrc=\"https:\/\/maps.google.com\/maps?q=centre%20supyoga%20catalunya%2C%20barcelona&t=m&z=10&output=embed&iwloc=near\"\n\t\t\t\t\ttitle=\"centre supyoga catalunya, barcelona\"\n\t\t\t\t\taria-label=\"centre supyoga catalunya, barcelona\"\n\t\t\t><\/iframe>\n\t\t<\/div>\n\t\t\t\t\t\t<\/div>\n\t\t\t\t<\/div>\n\t\t\t\t\t<\/div>\n\t\t<\/div>\n\t\t\t\t\t<\/div>\n\t\t<\/section>\n\t\t\t\t<\/div>\n\t\t","protected":false},"excerpt":{"rendered":"<p>Mujer Oc\u00e9ano Encuentros entre mujeres Reservar 1 junio Plazas limitadas 6:30h \u2013 10:00h Playa del San Sebasti\u00e1n (Barcelona) MUJER OC\u00c9ANO Mujer Oc\u00e9ano es un ciclo de encuentros presenciales para mujeres que te invita a sumergirte en un viaje interior a &hellip; <a href=\"https:\/\/supyoga.cat\/ca\/mujer-oceano-amanece\/\">Read More<\/a><\/p>\n","protected":false},"author":2,"featured_media":0,"parent":0,"menu_order":0,"comment_status":"closed","ping_status":"closed","template":"","meta":{"footnotes":""},"class_list":["post-57174","page","type-page","status-publish","hentry"],"_links":{"self":[{"href":"https:\/\/supyoga.cat\/ca\/wp-json\/wp\/v2\/pages\/57174","targetHints":{"allow":["GET"]}}],"collection":[{"href":"https:\/\/supyoga.cat\/ca\/wp-json\/wp\/v2\/pages"}],"about":[{"href":"https:\/\/supyoga.cat\/ca\/wp-json\/wp\/v2\/types\/page"}],"author":[{"embeddable":true,"href":"https:\/\/supyoga.cat\/ca\/wp-json\/wp\/v2\/users\/2"}],"replies":[{"embeddable":true,"href":"https:\/\/supyoga.cat\/ca\/wp-json\/wp\/v2\/comments?post=57174"}],"version-history":[{"count":57,"href":"https:\/\/supyoga.cat\/ca\/wp-json\/wp\/v2\/pages\/57174\/revisions"}],"predecessor-version":[{"id":57365,"href":"https:\/\/supyoga.cat\/ca\/wp-json\/wp\/v2\/pages\/57174\/revisions\/57365"}],"wp:attachment":[{"href":"https:\/\/supyoga.cat\/ca\/wp-json\/wp\/v2\/media?parent=57174"}],"curies":[{"name":"wp","href":"https:\/\/api.w.org\/{rel}","templated":true}]}}