{"id":46380,"date":"2019-03-15T09:44:07","date_gmt":"2019-03-15T07:44:07","guid":{"rendered":"https:\/\/supyoga.cat\/producto\/clase-de-sup-yoga-barcelona\/"},"modified":"2023-04-13T15:40:21","modified_gmt":"2023-04-13T13:40:21","slug":"clase-de-sup-yoga-1-sesion","status":"publish","type":"product","link":"https:\/\/supyoga.cat\/ca\/producto\/clase-de-sup-yoga-1-sesion\/","title":{"rendered":"Classe de SUP Ioga (1 sessi\u00f3)"},"content":{"rendered":"<ul>\n<li>60 Minuts<\/li>\n<li>V\u00e0lid durante 365 dies.<\/li>\n<li>Localizaci\u00f3 (Barcelona, Matar\u00f3)<\/li>\n<\/ul>\n","protected":false},"excerpt":{"rendered":"<p>60 Minuts V\u00e0lid durante 365 dies. Localizaci\u00f3 (Barcelona, Matar\u00f3)<\/p>\n","protected":false},"featured_media":527,"template":"","meta":[],"product_brand":[],"product_cat":[141],"product_tag":[],"class_list":{"0":"post-46380","1":"product","2":"type-product","3":"status-publish","4":"has-post-thumbnail","6":"product_cat-credits-bundle-ca","8":"first","9":"instock","10":"virtual","11":"taxable","12":"purchasable","13":"product-type-simple"},"_links":{"self":[{"href":"https:\/\/supyoga.cat\/ca\/wp-json\/wp\/v2\/product\/46380","targetHints":{"allow":["GET"]}}],"collection":[{"href":"https:\/\/supyoga.cat\/ca\/wp-json\/wp\/v2\/product"}],"about":[{"href":"https:\/\/supyoga.cat\/ca\/wp-json\/wp\/v2\/types\/product"}],"version-history":[{"count":0,"href":"https:\/\/supyoga.cat\/ca\/wp-json\/wp\/v2\/product\/46380\/revisions"}],"wp:featuredmedia":[{"embeddable":true,"href":"https:\/\/supyoga.cat\/ca\/wp-json\/wp\/v2\/media\/527"}],"wp:attachment":[{"href":"https:\/\/supyoga.cat\/ca\/wp-json\/wp\/v2\/media?parent=46380"}],"wp:term":[{"taxonomy":"product_brand","embeddable":true,"href":"https:\/\/supyoga.cat\/ca\/wp-json\/wp\/v2\/product_brand?post=46380"},{"taxonomy":"product_cat","embeddable":true,"href":"https:\/\/supyoga.cat\/ca\/wp-json\/wp\/v2\/product_cat?post=46380"},{"taxonomy":"product_tag","embeddable":true,"href":"https:\/\/supyoga.cat\/ca\/wp-json\/wp\/v2\/product_tag?post=46380"}],"curies":[{"name":"wp","href":"https:\/\/api.w.org\/{rel}","templated":true}]}}