{"id":46850,"date":"2023-03-14T16:13:20","date_gmt":"2023-03-14T14:13:20","guid":{"rendered":"https:\/\/supyoga.cat\/?post_type=product&#038;p=46850"},"modified":"2023-12-20T12:05:17","modified_gmt":"2023-12-20T10:05:17","slug":"formacion-sup-yoga-online","status":"publish","type":"product","link":"https:\/\/supyoga.cat\/ca\/producto\/formacion-sup-yoga-online\/","title":{"rendered":"Formaci\u00f3n SUP Yoga online"},"content":{"rendered":"<p>\u00bfQu\u00e9 pasos seguir para obtener formaci\u00f3n en l\u00ednea?<\/p>\n<ol>\n<li>Escoge el producto y efect\u00faa el pago correspondiente.<\/li>\n<li>Verificaremos que el pago del curso en l\u00ednea haya sido realizado correctamente.<\/li>\n<li>En un plazo m\u00e1ximo de 48 horas, revisaremos la informaci\u00f3n y te enviaremos un correo electr\u00f3nico al mismo correo que utilizaste para el pago. Este correo contendr\u00e1 tus credenciales de acceso al curso en l\u00ednea, que podr\u00e1s modificar m\u00e1s adelante si lo deseas.<\/li>\n<li>Una vez que recibas este correo, podr\u00e1s acceder al curso en l\u00ednea de forma permanente.<\/li>\n<\/ol>\n","protected":false},"excerpt":{"rendered":"<p>Con nuestra formaci\u00f3n de SUP Yoga online, obtendr\u00e1s el conocimiento necesario para garantizar un entrenamiento eficiente en todos los aspectos. Recibir\u00e1s orientaci\u00f3n precisa sobre la postura corporal y la utilizaci\u00f3n de materiales, adquirir\u00e1s conocimientos para desarrollar un entorno acu\u00e1tico seguro (especialmente si est\u00e1s practicando en el mar) y se ense\u00f1ar\u00e1n varias formas de asegurar tu tabla o las de otros en su grupo. As\u00ed que no esperes m\u00e1s, \u00a1reg\u00edstrate ahora y comienza a dominar la rutina perfecta de SUP Yoga! &hellip; <a href=\"https:\/\/supyoga.cat\/ca\/producto\/formacion-sup-yoga-online\/\">Read More<\/a><\/p>\n","protected":false},"featured_media":46851,"template":"","meta":[],"product_brand":[],"product_cat":[15],"product_tag":[],"class_list":{"0":"post-46850","1":"product","2":"type-product","3":"status-publish","4":"has-post-thumbnail","6":"product_cat-uncategorized","8":"first","9":"instock","10":"virtual","11":"taxable","12":"purchasable","13":"product-type-simple"},"_links":{"self":[{"href":"https:\/\/supyoga.cat\/ca\/wp-json\/wp\/v2\/product\/46850","targetHints":{"allow":["GET"]}}],"collection":[{"href":"https:\/\/supyoga.cat\/ca\/wp-json\/wp\/v2\/product"}],"about":[{"href":"https:\/\/supyoga.cat\/ca\/wp-json\/wp\/v2\/types\/product"}],"version-history":[{"count":1,"href":"https:\/\/supyoga.cat\/ca\/wp-json\/wp\/v2\/product\/46850\/revisions"}],"predecessor-version":[{"id":52942,"href":"https:\/\/supyoga.cat\/ca\/wp-json\/wp\/v2\/product\/46850\/revisions\/52942"}],"wp:featuredmedia":[{"embeddable":true,"href":"https:\/\/supyoga.cat\/ca\/wp-json\/wp\/v2\/media\/46851"}],"wp:attachment":[{"href":"https:\/\/supyoga.cat\/ca\/wp-json\/wp\/v2\/media?parent=46850"}],"wp:term":[{"taxonomy":"product_brand","embeddable":true,"href":"https:\/\/supyoga.cat\/ca\/wp-json\/wp\/v2\/product_brand?post=46850"},{"taxonomy":"product_cat","embeddable":true,"href":"https:\/\/supyoga.cat\/ca\/wp-json\/wp\/v2\/product_cat?post=46850"},{"taxonomy":"product_tag","embeddable":true,"href":"https:\/\/supyoga.cat\/ca\/wp-json\/wp\/v2\/product_tag?post=46850"}],"curies":[{"name":"wp","href":"https:\/\/api.w.org\/{rel}","templated":true}]}}