{"id":48829,"date":"2023-05-01T16:07:30","date_gmt":"2023-05-01T14:07:30","guid":{"rendered":"https:\/\/supyoga.cat\/producto\/hacer-tu-donacion\/"},"modified":"2023-06-04T16:42:09","modified_gmt":"2023-06-04T14:42:09","slug":"fer-la-teva-donacio","status":"publish","type":"product","link":"https:\/\/supyoga.cat\/ca\/producto\/fer-la-teva-donacio\/","title":{"rendered":"Fer la teva donaci\u00f3"},"content":{"rendered":"<p>En qu\u00e8 estar\u00e0s col\u00b7laborant?<\/p>\n<p><strong>Tallers i esdeveniments comunitaris:<\/strong> Oferim tallers i esdeveniments per promoure el ioga i el paddle surf com a eines per al canvi social, i ajudar les persones a connectar amb els seus cossos, ments i entorns de manera m\u00e9s profunda.<\/p>\n<p><strong>Programa de SUP ioga:<\/strong> Els nostres programes exclusius de SUP ioga ofereixen una manera \u00fanica de practicar ioga a l&#8217;aigua, mentre es connecta amb la natura i s&#8217;at\u00e9n al medi ambient.<\/p>\n<p><strong>Iniciatives de salut mental:<\/strong> Creiem en el poder del ioga i el paddle surf per millorar la salut mental, i estem compromesos en crear iniciatives que ajudin les persones a cuidar el seu benestar emocional.<\/p>\n<p><strong>Cura del medi ambient:<\/strong> Ens preocupa el medi ambient i estem compromesos a protegir i cuidar els nostres mars i oceans. Oferim programes que ensenyen a les persones com cuidar el medi ambient mentre practiquen paddle surf.<\/p>\n","protected":false},"excerpt":{"rendered":"<div class=\"group w-full text-gray-800 dark:text-gray-100 border-b border-black\/10 dark:border-gray-900\/50 bg-gray-50 dark:bg-[#444654] sm:AIPRM__conversation__response\">\n<div class=\"flex p-4 gap-4 text-base md:gap-6 md:max-w-2xl lg:max-w-xl xl:max-w-3xl md:py-6 lg:px-0 m-auto\">\n<div class=\"relative flex w-[calc(100%-50px)] flex-col gap-1 md:gap-3 lg:w-[calc(100%-115px)]\">\n<div class=\"flex flex-grow flex-col gap-3\">\n<div class=\"min-h-[20px] flex flex-col items-start gap-4 whitespace-pre-wrap break-words\">\n<div class=\"markdown prose w-full break-words dark:prose-invert dark AIPRM__conversation__response\">\n<p>Vols donar m\u00e9s? Contacta&#8217;ns a <a href=\"mailto:info@supyoga.cat\" target=\"_new\" rel=\"noopener\">info@supyoga.cat<\/a><\/p>\n<\/div>\n<\/div>\n<\/div>\n<\/div>\n<\/div>\n<\/div>\n<p> &hellip; <a href=\"https:\/\/supyoga.cat\/ca\/producto\/fer-la-teva-donacio\/\">Read More<\/a><\/p>\n","protected":false},"featured_media":45650,"template":"","meta":[],"product_brand":[],"product_cat":[143],"product_tag":[],"class_list":{"0":"post-48829","1":"product","2":"type-product","3":"status-publish","4":"has-post-thumbnail","6":"product_cat-entidad-ca","8":"first","9":"instock","10":"taxable","11":"shipping-taxable","12":"purchasable","13":"product-type-variable"},"_links":{"self":[{"href":"https:\/\/supyoga.cat\/ca\/wp-json\/wp\/v2\/product\/48829","targetHints":{"allow":["GET"]}}],"collection":[{"href":"https:\/\/supyoga.cat\/ca\/wp-json\/wp\/v2\/product"}],"about":[{"href":"https:\/\/supyoga.cat\/ca\/wp-json\/wp\/v2\/types\/product"}],"version-history":[{"count":0,"href":"https:\/\/supyoga.cat\/ca\/wp-json\/wp\/v2\/product\/48829\/revisions"}],"wp:featuredmedia":[{"embeddable":true,"href":"https:\/\/supyoga.cat\/ca\/wp-json\/wp\/v2\/media\/45650"}],"wp:attachment":[{"href":"https:\/\/supyoga.cat\/ca\/wp-json\/wp\/v2\/media?parent=48829"}],"wp:term":[{"taxonomy":"product_brand","embeddable":true,"href":"https:\/\/supyoga.cat\/ca\/wp-json\/wp\/v2\/product_brand?post=48829"},{"taxonomy":"product_cat","embeddable":true,"href":"https:\/\/supyoga.cat\/ca\/wp-json\/wp\/v2\/product_cat?post=48829"},{"taxonomy":"product_tag","embeddable":true,"href":"https:\/\/supyoga.cat\/ca\/wp-json\/wp\/v2\/product_tag?post=48829"}],"curies":[{"name":"wp","href":"https:\/\/api.w.org\/{rel}","templated":true}]}}