{"id":52980,"date":"2023-12-20T17:17:54","date_gmt":"2023-12-20T15:17:54","guid":{"rendered":"https:\/\/supyoga.cat\/?post_type=product&#038;p=52980"},"modified":"2024-03-01T18:43:20","modified_gmt":"2024-03-01T16:43:20","slug":"flotando-hacia-la-calma-30-dias-para-vencer-el-estres-urbano-y-reconectar-con-la-naturaleza","status":"publish","type":"product","link":"https:\/\/supyoga.cat\/ca\/producto\/flotando-hacia-la-calma-30-dias-para-vencer-el-estres-urbano-y-reconectar-con-la-naturaleza\/","title":{"rendered":"Flotando hacia la calma: 30 D\u00edas para Vencer el Estr\u00e9s Urbano y Reconectar con la Naturaleza"},"content":{"rendered":"<p><span style=\"font-weight: 400;\">Lo que est\u00e1 incluido:<\/span><\/p>\n<ul>\n<li style=\"font-weight: 400;\" aria-level=\"1\"><span style=\"font-weight: 400;\">Sesiones presenciales de SUP Yoga. (Valor: 897\u20ac)<\/span><\/li>\n<li style=\"font-weight: 400;\" aria-level=\"1\"><span style=\"font-weight: 400;\">Sesiones de an\u00e1lisis de creencias y h\u00e1bitos. (Valor: 697\u20ac)<\/span><\/li>\n<li style=\"font-weight: 400;\" aria-level=\"1\"><span style=\"font-weight: 400;\">Sesiones de meditaci\u00f3n y mindfulness. (Valor: 697\u20ac)<\/span><\/li>\n<li style=\"font-weight: 400;\" aria-level=\"1\"><span style=\"font-weight: 400;\">Acceso a una comunidad de apoyo en l\u00ednea. (Valor: 497\u20ac)<\/span><\/li>\n<li style=\"font-weight: 400;\" aria-level=\"1\"><span style=\"font-weight: 400;\">Materiales educativos exclusivos, incluyendo audios, v\u00eddeos y gu\u00edas. <\/span><span style=\"font-weight: 400;\"><br \/>\n<\/span><span style=\"font-weight: 400;\">(Valor: 2.697\u20ac)<\/span><\/li>\n<li style=\"font-weight: 400;\" aria-level=\"1\"><span style=\"font-weight: 400;\">Coaching personalizado para guiar tu progreso. (Valor: 497\u20ac)<\/span><\/li>\n<li style=\"font-weight: 400;\" aria-level=\"1\"><span style=\"font-weight: 400;\">Planes de bienestar personalizados adaptados a tus necesidades. (Valor: 497\u20ac)<\/span><\/li>\n<li style=\"font-weight: 400;\" aria-level=\"1\"><span style=\"font-weight: 400;\">Acceso a la comunidad online de supyoga.cat con todos los recursos durante un a\u00f1o. (Valor: 1.197\u20ac)<\/span><\/li>\n<li style=\"font-weight: 400;\" aria-level=\"1\"><span style=\"font-weight: 400;\">Dieta de los d\u00edas presenciales<\/span><\/li>\n<li style=\"font-weight: 400;\" aria-level=\"1\"><span style=\"font-weight: 400;\">Material necesario para las actividades pesenciales\u00a0<\/span><\/li>\n<\/ul>\n<p><span style=\"font-weight: 400;\"><strong>BONUS:<\/strong> participa en todas nuestras clases de SUP yoga presenciales de Barcelona durante el a\u00f1o 2024. (Valor: 997\u20ac)<\/span><span style=\"font-weight: 400;\"><br \/>\n<\/span><\/p>\n<p><del><span style=\"font-weight: 400;\">Precio TOTAL: 8.088\u20ac<\/span><\/del><\/p>\n<p><strong>Precio OFERTA: 672.75\u20ac<\/strong><\/p>\n","protected":false},"excerpt":{"rendered":"<p><span style=\"font-weight: 400;\">Transforma tu vida en 30 d\u00edas: domina el arte de la calma y reduce el estr\u00e9s, incluso en la jungla urbana m\u00e1s ruidosa, sin recurrir a t\u00e9cnicas complicadas o inalcanzables.<\/span> &hellip; <a href=\"https:\/\/supyoga.cat\/ca\/producto\/flotando-hacia-la-calma-30-dias-para-vencer-el-estres-urbano-y-reconectar-con-la-naturaleza\/\">Read More<\/a><\/p>\n","protected":false},"featured_media":48948,"template":"","meta":[],"product_brand":[],"product_cat":[15],"product_tag":[],"class_list":{"0":"post-52980","1":"product","2":"type-product","3":"status-publish","4":"has-post-thumbnail","6":"product_cat-uncategorized","8":"first","9":"instock","10":"sale","11":"taxable","12":"shipping-taxable","13":"purchasable","14":"product-type-simple"},"_links":{"self":[{"href":"https:\/\/supyoga.cat\/ca\/wp-json\/wp\/v2\/product\/52980","targetHints":{"allow":["GET"]}}],"collection":[{"href":"https:\/\/supyoga.cat\/ca\/wp-json\/wp\/v2\/product"}],"about":[{"href":"https:\/\/supyoga.cat\/ca\/wp-json\/wp\/v2\/types\/product"}],"version-history":[{"count":11,"href":"https:\/\/supyoga.cat\/ca\/wp-json\/wp\/v2\/product\/52980\/revisions"}],"predecessor-version":[{"id":53306,"href":"https:\/\/supyoga.cat\/ca\/wp-json\/wp\/v2\/product\/52980\/revisions\/53306"}],"wp:featuredmedia":[{"embeddable":true,"href":"https:\/\/supyoga.cat\/ca\/wp-json\/wp\/v2\/media\/48948"}],"wp:attachment":[{"href":"https:\/\/supyoga.cat\/ca\/wp-json\/wp\/v2\/media?parent=52980"}],"wp:term":[{"taxonomy":"product_brand","embeddable":true,"href":"https:\/\/supyoga.cat\/ca\/wp-json\/wp\/v2\/product_brand?post=52980"},{"taxonomy":"product_cat","embeddable":true,"href":"https:\/\/supyoga.cat\/ca\/wp-json\/wp\/v2\/product_cat?post=52980"},{"taxonomy":"product_tag","embeddable":true,"href":"https:\/\/supyoga.cat\/ca\/wp-json\/wp\/v2\/product_tag?post=52980"}],"curies":[{"name":"wp","href":"https:\/\/api.w.org\/{rel}","templated":true}]}}