{"id":60670,"date":"2026-03-16T17:38:59","date_gmt":"2026-03-16T15:38:59","guid":{"rendered":"https:\/\/supyoga.cat\/?post_type=product&#038;p=60670"},"modified":"2026-03-21T20:05:46","modified_gmt":"2026-03-21T18:05:46","slug":"bienvenida-primavera","status":"publish","type":"product","link":"https:\/\/supyoga.cat\/ca\/producto\/bienvenida-primavera\/","title":{"rendered":"Bienvenida primavera"},"content":{"rendered":"<p>DOMINGO 22 MARZO<\/p>\n<p class=\"p1\"><b>Bienvenida a la Primavera \u2013 SUP Yoga &amp; Vermut en el Mar \ud83c\udf38\ud83c\udf0a<\/b><b><\/b><\/p>\n<p class=\"p3\">Celebramos la llegada de la primavera con una ma\u00f1ana especial en el mar para reconectar con el cuerpo, la naturaleza y la nueva energ\u00eda de la temporada.<\/p>\n<p class=\"p3\">Comenzaremos con una <span class=\"s1\"><b>pr\u00e1ctica de SUP Yoga apta para todos los niveles<\/b><\/span>, donde el movimiento suave sobre el agua nos ayudar\u00e1 a despertar el cuerpo y la mente. Terminaremos la sesi\u00f3n con una <span class=\"s1\"><b>relajaci\u00f3n profunda acompa\u00f1ada de cuencos<\/b><\/span>, dejando que el sonido y el mar nos lleven a un estado de calma.<\/p>\n<p class=\"p3\">Despu\u00e9s, cada persona podr\u00e1 recibir <span class=\"s1\"><b>un mensaje del or\u00e1culo<\/b><\/span>, una peque\u00f1a gu\u00eda o inspiraci\u00f3n para esta nueva etapa que comienza con la primavera.<\/p>\n<p class=\"p3\">Y para cerrar la ma\u00f1ana, nos quedaremos <span class=\"s1\"><b>disfrutando de un vermut en el mar<\/b><\/span>, compartiendo el momento sin prisas y dejando que la ma\u00f1ana fluya.<\/p>\n<p class=\"p1\"><b>Horario<\/b><b><\/b><\/p>\n<p class=\"p3\">10:00 \u2013 12:00 \u00b7 Clase especial de SUP Yoga + relajaci\u00f3n con cuencos<\/p>\n<p class=\"p3\">12:00 \u2013 hasta que nos apetezca \u00b7 Vermut en el mar<\/p>\n<p class=\"p1\"><span class=\"s2\">Una forma bonita de <\/span><b>dar la bienvenida a la primavera en comunidad, sobre el agua y al ritmo del mar<\/b><span class=\"s2\">. \ud83c\udf0a\u2728<\/span><\/p>\n<p>&nbsp;<\/p>\n<p>Ubicaci\u00f3n: <a href=\"https:\/\/maps.app.goo.gl\/HmdQKhFH2u8fFouy6\" target=\"_blank\" rel=\"noopener\">https:\/\/maps.app.goo.gl\/HmdQKhFH2u8fFouy6<\/a><\/p>\n","protected":false},"excerpt":{"rendered":"<p>DOMINGO 22 MARZO<\/p>\n<p class=\"p1\"><b>Bienvenida a la Primavera \u2013 SUP Yoga &amp; Vermut en el Mar \ud83c\udf38\ud83c\udf0a<\/b><b><\/b><\/p>\n<p class=\"p3\">Celebramos la llegada de la primavera con una ma\u00f1ana especial en el mar para reconectar con el cuerpo, la naturaleza y la nueva energ\u00eda de la temporada.<\/p>\n<p class=\"p3\">Comenzaremos con una <span class=\"s1\"><b>pr\u00e1ctica de SUP Yoga apta para todos los niveles<\/b><\/span>, donde el movimiento suave sobre el agua nos ayudar\u00e1 a despertar el cuerpo y la mente. Terminaremos la sesi\u00f3n con una <span class=\"s1\"><b>relajaci\u00f3n profunda acompa\u00f1ada de cuencos<\/b><\/span>, dejando que el sonido y el mar nos lleven a un estado de calma.<\/p>\n<p class=\"p3\">Despu\u00e9s, cada persona podr\u00e1 recibir <span class=\"s1\"><b>un mensaje del or\u00e1culo<\/b><\/span>, una peque\u00f1a gu\u00eda o inspiraci\u00f3n para esta nueva etapa que comienza con la primavera.<\/p>\n<p class=\"p3\">Y para cerrar la ma\u00f1ana, nos quedaremos <span class=\"s1\"><b>disfrutando de un vermut en el mar<\/b><\/span>, compartiendo el momento sin prisas y dejando que la ma\u00f1ana fluya.<\/p>\n<p class=\"p1\"><b>Horario<\/b><b><\/b><\/p>\n<p class=\"p3\">10:00 \u2013 12:00 \u00b7 Clase especial de SUP Yoga + relajaci\u00f3n con cuencos<\/p>\n<p class=\"p3\">12:00 \u2013 hasta que nos apetezca \u00b7 Vermut en el mar<\/p>\n<p class=\"p1\"><span class=\"s2\">Una forma bonita de <\/span><b>dar la bienvenida a la primavera en comunidad, sobre el agua y al ritmo del mar<\/b><span class=\"s2\">. \ud83c\udf0a\u2728<\/span><\/p>\n<p>&nbsp;<\/p>\n<p>Ubicaci\u00f3n: <a href=\"https:\/\/maps.app.goo.gl\/HmdQKhFH2u8fFouy6\">https:\/\/maps.app.goo.gl\/HmdQKhFH2u8fFouy6<\/a> &hellip; <a href=\"https:\/\/supyoga.cat\/ca\/producto\/bienvenida-primavera\/\">Read More<\/a><\/p>\n","protected":false},"featured_media":60680,"template":"","meta":[],"product_brand":[],"product_cat":[15],"product_tag":[],"class_list":{"0":"post-60670","1":"product","2":"type-product","3":"status-publish","4":"has-post-thumbnail","6":"product_cat-uncategorized","8":"first","9":"outofstock","10":"taxable","11":"shipping-taxable","12":"purchasable","13":"product-type-simple"},"_links":{"self":[{"href":"https:\/\/supyoga.cat\/ca\/wp-json\/wp\/v2\/product\/60670","targetHints":{"allow":["GET"]}}],"collection":[{"href":"https:\/\/supyoga.cat\/ca\/wp-json\/wp\/v2\/product"}],"about":[{"href":"https:\/\/supyoga.cat\/ca\/wp-json\/wp\/v2\/types\/product"}],"version-history":[{"count":2,"href":"https:\/\/supyoga.cat\/ca\/wp-json\/wp\/v2\/product\/60670\/revisions"}],"predecessor-version":[{"id":60689,"href":"https:\/\/supyoga.cat\/ca\/wp-json\/wp\/v2\/product\/60670\/revisions\/60689"}],"wp:featuredmedia":[{"embeddable":true,"href":"https:\/\/supyoga.cat\/ca\/wp-json\/wp\/v2\/media\/60680"}],"wp:attachment":[{"href":"https:\/\/supyoga.cat\/ca\/wp-json\/wp\/v2\/media?parent=60670"}],"wp:term":[{"taxonomy":"product_brand","embeddable":true,"href":"https:\/\/supyoga.cat\/ca\/wp-json\/wp\/v2\/product_brand?post=60670"},{"taxonomy":"product_cat","embeddable":true,"href":"https:\/\/supyoga.cat\/ca\/wp-json\/wp\/v2\/product_cat?post=60670"},{"taxonomy":"product_tag","embeddable":true,"href":"https:\/\/supyoga.cat\/ca\/wp-json\/wp\/v2\/product_tag?post=60670"}],"curies":[{"name":"wp","href":"https:\/\/api.w.org\/{rel}","templated":true}]}}