{"id":53420,"date":"2024-04-22T12:26:19","date_gmt":"2024-04-22T10:26:19","guid":{"rendered":"https:\/\/supyoga.cat\/?post_type=product&#038;p=53420"},"modified":"2024-05-02T18:23:19","modified_gmt":"2024-05-02T16:23:19","slug":"curso-sup-yoga-online","status":"publish","type":"product","link":"https:\/\/supyoga.cat\/en\/producto\/curso-sup-yoga-online\/","title":{"rendered":"Curso SUP Yoga Online > -50% en todas las Clases"},"content":{"rendered":"<p>Un curso exclusivo para principiantes y entusiastas del SUP Yoga que desean avanzar a su propio ritmo con acceso completo durante un a\u00f1o y un descuento especial del 50% en clases presenciales. \u00a1Inicia tu viaje hoy!<\/p>\n<h3>Beneficios:<\/h3>\n<ul>\n<li><strong>Accesibilidad Completa:<\/strong> Acceso ilimitado durante un a\u00f1o para que aprendas a tu ritmo, en cualquier momento y lugar.<\/li>\n<li><strong>Para Todos los Niveles:<\/strong> Ideal para quienes nunca han practicado SUP Yoga o desean profundizar m\u00e1s en su pr\u00e1ctica.<\/li>\n<li><strong>Descuento Exclusivo:<\/strong> Al inscribirte, obt\u00e9n un 50% de descuento en todas nuestras clases presenciales durante un a\u00f1o.<\/li>\n<li><strong>Contenido Rico y Variado:<\/strong> Videos instructivos, gu\u00edas paso a paso, y soporte directo para asegurar tu progreso.<\/li>\n<\/ul>\n<p><strong>&#8220;Reg\u00edstrate ahora y empieza a transformar tu pr\u00e1ctica de yoga&#8221;<\/strong><\/p>\n","protected":false},"excerpt":{"rendered":"<h3><strong>\u00a1Compra el curso ONLINE y obt\u00e9n 50% de descuento en TODAS nuestras clases de SUP Yoga (Barcelona y Matar\u00f3) durante 1 a\u00f1o!<\/strong><\/h3>\n<p>Aprende SUP Yoga desde la comodidad de tu hogar por solo 17\u20ac<\/p>\n<p>\u00a1Inscr\u00edbete ahora en nuestro curso online exclusivo para principiantes y practicantes de SUP Yoga y aprovecha esta oportunidad \u00fanica!<\/p>\n<p><strong>Beneficios al inscribirte hoy:<\/strong><\/p>\n<ul>\n<li><strong>Acceso completo por un a\u00f1o:<\/strong> Progresa a tu ritmo, cuando y donde quieras.<\/li>\n<li><strong>50% de descuento en clases presenciales:<\/strong> Al comprar este curso, disfruta de medio a\u00f1o de nuestras clases presenciales al 50% de descuento. \u00a1Perfecciona tu t\u00e9cnica y conecta con la comunidad!<\/li>\n<\/ul>\n<p> &hellip; <a href=\"https:\/\/supyoga.cat\/en\/producto\/curso-sup-yoga-online\/\">Read More<\/a><\/p>\n","protected":false},"featured_media":53450,"template":"","meta":[],"product_brand":[],"product_cat":[46],"product_tag":[],"class_list":{"0":"post-53420","1":"product","2":"type-product","3":"status-publish","4":"has-post-thumbnail","6":"product_cat-formacion-supyoga-barcelona","8":"first","9":"instock","10":"sale","11":"virtual","12":"taxable","13":"purchasable","14":"product-type-simple"},"_links":{"self":[{"href":"https:\/\/supyoga.cat\/en\/wp-json\/wp\/v2\/product\/53420","targetHints":{"allow":["GET"]}}],"collection":[{"href":"https:\/\/supyoga.cat\/en\/wp-json\/wp\/v2\/product"}],"about":[{"href":"https:\/\/supyoga.cat\/en\/wp-json\/wp\/v2\/types\/product"}],"version-history":[{"count":8,"href":"https:\/\/supyoga.cat\/en\/wp-json\/wp\/v2\/product\/53420\/revisions"}],"predecessor-version":[{"id":53587,"href":"https:\/\/supyoga.cat\/en\/wp-json\/wp\/v2\/product\/53420\/revisions\/53587"}],"wp:featuredmedia":[{"embeddable":true,"href":"https:\/\/supyoga.cat\/en\/wp-json\/wp\/v2\/media\/53450"}],"wp:attachment":[{"href":"https:\/\/supyoga.cat\/en\/wp-json\/wp\/v2\/media?parent=53420"}],"wp:term":[{"taxonomy":"product_brand","embeddable":true,"href":"https:\/\/supyoga.cat\/en\/wp-json\/wp\/v2\/product_brand?post=53420"},{"taxonomy":"product_cat","embeddable":true,"href":"https:\/\/supyoga.cat\/en\/wp-json\/wp\/v2\/product_cat?post=53420"},{"taxonomy":"product_tag","embeddable":true,"href":"https:\/\/supyoga.cat\/en\/wp-json\/wp\/v2\/product_tag?post=53420"}],"curies":[{"name":"wp","href":"https:\/\/api.w.org\/{rel}","templated":true}]}}