{"id":58845,"date":"2025-07-25T20:48:54","date_gmt":"2025-07-25T18:48:54","guid":{"rendered":"https:\/\/supyoga.cat\/?post_type=product&#038;p=58845"},"modified":"2026-04-16T10:34:30","modified_gmt":"2026-04-16T08:34:30","slug":"formacion-supyoga-nivel-1-abril","status":"publish","type":"product","link":"https:\/\/supyoga.cat\/en\/producto\/formacion-supyoga-nivel-1-abril\/","title":{"rendered":"Formaci\u00f3n SUPYoga Nivel 1 | Abril 2026"},"content":{"rendered":"\t\t<div data-elementor-type=\"wp-post\" data-elementor-id=\"58845\" class=\"elementor elementor-58845\">\n\t\t\t\t\t\t<section data-exad-particle-enable=\"false\" class=\"elementor-section elementor-top-section elementor-element elementor-element-4ea499d elementor-section-boxed elementor-section-height-default elementor-section-height-default exad-parallax-effect-no exad-background-color-change-no exad-glass-effect-no exad-sticky-section-no\" data-id=\"4ea499d\" data-element_type=\"section\" data-e-type=\"section\">\n\t\t\t\t\t\t<div class=\"elementor-container elementor-column-gap-default\">\n\t\t\t\t\t<div class=\"elementor-column elementor-col-100 elementor-top-column elementor-element elementor-element-004edd8 exad-glass-effect-no exad-sticky-section-no\" data-id=\"004edd8\" data-element_type=\"column\" data-e-type=\"column\">\n\t\t\t<div class=\"elementor-widget-wrap elementor-element-populated\">\n\t\t\t\t\t\t<div class=\"elementor-element elementor-element-0305529 exad-sticky-section-no exad-glass-effect-no elementor-widget elementor-widget-text-editor\" data-id=\"0305529\" data-element_type=\"widget\" data-e-type=\"widget\" data-widget_type=\"text-editor.default\">\n\t\t\t\t<div class=\"elementor-widget-container\">\n\t\t\t\t\t\t\t\t\t<p><strong>Fecha:<\/strong>\u00a0 25 abril<\/p>\t\t\t\t\t\t\t\t<\/div>\n\t\t\t\t<\/div>\n\t\t\t\t<div class=\"elementor-element elementor-element-9df15a7 exad-sticky-section-no exad-glass-effect-no elementor-widget elementor-widget-accordion\" data-id=\"9df15a7\" data-element_type=\"widget\" data-e-type=\"widget\" data-widget_type=\"accordion.default\">\n\t\t\t\t<div class=\"elementor-widget-container\">\n\t\t\t\t\t\t\t<div class=\"elementor-accordion\">\n\t\t\t\t\t\t\t<div class=\"elementor-accordion-item\">\n\t\t\t\t\t<div id=\"elementor-tab-title-1651\" class=\"elementor-tab-title\" data-tab=\"1\" role=\"button\" aria-controls=\"elementor-tab-content-1651\" aria-expanded=\"false\">\n\t\t\t\t\t\t\t\t\t\t\t\t\t<span class=\"elementor-accordion-icon elementor-accordion-icon-left\" aria-hidden=\"true\">\n\t\t\t\t\t\t\t\t\t\t\t\t\t\t\t<span class=\"elementor-accordion-icon-closed\"><i class=\"fas fa-water\"><\/i><\/span>\n\t\t\t\t\t\t\t\t<span class=\"elementor-accordion-icon-opened\"><i class=\"fas fa-praying-hands\"><\/i><\/span>\n\t\t\t\t\t\t\t\t\t\t\t\t\t\t<\/span>\n\t\t\t\t\t\t\t\t\t\t\t\t<a class=\"elementor-accordion-title\" tabindex=\"0\">Contenido<\/a>\n\t\t\t\t\t<\/div>\n\t\t\t\t\t<div id=\"elementor-tab-content-1651\" class=\"elementor-tab-content elementor-clearfix\" data-tab=\"1\" role=\"region\" aria-labelledby=\"elementor-tab-title-1651\"><p class=\"p1\">Trabajamos las bases del SUP Yoga integrando Yoga, Paddle Surf y n\u00e1utica como fundamentos de la pr\u00e1ctica en el medio acu\u00e1tico.<\/p><p class=\"p1\">La formaci\u00f3n incluye conocimientos te\u00f3ricos y pr\u00e1cticos de las disciplinas que conforman el SUP Yoga, profundizando en asanas y sus variaciones sobre la tabla, respiraci\u00f3n consciente, meditaci\u00f3n, enfoque y uso del material, as\u00ed como nociones esenciales de meteorolog\u00eda, anclaje y seguridad.<\/p><p class=\"p1\">Aprender\u00e1s a sentirte estable y seguro\/a en el agua, a comprender c\u00f3mo adaptar la pr\u00e1ctica del yoga a una superficie inestable y a estructurar sesiones b\u00e1sicas de SUP Yoga con control, confianza y respeto por el entorno acu\u00e1tico<\/p><\/div>\n\t\t\t\t<\/div>\n\t\t\t\t\t\t\t<div class=\"elementor-accordion-item\">\n\t\t\t\t\t<div id=\"elementor-tab-title-1652\" class=\"elementor-tab-title\" data-tab=\"2\" role=\"button\" aria-controls=\"elementor-tab-content-1652\" aria-expanded=\"false\">\n\t\t\t\t\t\t\t\t\t\t\t\t\t<span class=\"elementor-accordion-icon elementor-accordion-icon-left\" aria-hidden=\"true\">\n\t\t\t\t\t\t\t\t\t\t\t\t\t\t\t<span class=\"elementor-accordion-icon-closed\"><i class=\"fas fa-water\"><\/i><\/span>\n\t\t\t\t\t\t\t\t<span class=\"elementor-accordion-icon-opened\"><i class=\"fas fa-praying-hands\"><\/i><\/span>\n\t\t\t\t\t\t\t\t\t\t\t\t\t\t<\/span>\n\t\t\t\t\t\t\t\t\t\t\t\t<a class=\"elementor-accordion-title\" tabindex=\"0\">Horario<\/a>\n\t\t\t\t\t<\/div>\n\t\t\t\t\t<div id=\"elementor-tab-content-1652\" class=\"elementor-tab-content elementor-clearfix\" data-tab=\"2\" role=\"region\" aria-labelledby=\"elementor-tab-title-1652\"><p style=\"text-align: left;\">Horario durante el d\u00eda de la formaci\u00f3n presencial:<\/p><p style=\"text-align: left;\"><strong>8:00 <\/strong><strong>&#8211; 20:00<\/strong><\/p><p style=\"text-align: left;\"><em style=\"font-size: 12px;\">* Por condiciones clim\u00e1ticas ajenas a la organizaci\u00f3n de la fomaci\u00f3n este horario puede estar sujeto a modificaciones<\/em><br \/><em style=\"font-size: 12px;\">* Si el grupo de formaci\u00f3n lo desean se podr\u00e1n a\u00f1adir salidas de sol y puestas de sol c\u00f3mo horas extra formativas\u00a0<\/em><\/p><p style=\"text-align: center;\">\u00a0<\/p><\/div>\n\t\t\t\t<\/div>\n\t\t\t\t\t\t\t<div class=\"elementor-accordion-item\">\n\t\t\t\t\t<div id=\"elementor-tab-title-1653\" class=\"elementor-tab-title\" data-tab=\"3\" role=\"button\" aria-controls=\"elementor-tab-content-1653\" aria-expanded=\"false\">\n\t\t\t\t\t\t\t\t\t\t\t\t\t<span class=\"elementor-accordion-icon elementor-accordion-icon-left\" aria-hidden=\"true\">\n\t\t\t\t\t\t\t\t\t\t\t\t\t\t\t<span class=\"elementor-accordion-icon-closed\"><i class=\"fas fa-water\"><\/i><\/span>\n\t\t\t\t\t\t\t\t<span class=\"elementor-accordion-icon-opened\"><i class=\"fas fa-praying-hands\"><\/i><\/span>\n\t\t\t\t\t\t\t\t\t\t\t\t\t\t<\/span>\n\t\t\t\t\t\t\t\t\t\t\t\t<a class=\"elementor-accordion-title\" tabindex=\"0\">Localizaci\u00f3n<\/a>\n\t\t\t\t\t<\/div>\n\t\t\t\t\t<div id=\"elementor-tab-content-1653\" class=\"elementor-tab-content elementor-clearfix\" data-tab=\"3\" role=\"region\" aria-labelledby=\"elementor-tab-title-1653\"><p style=\"text-align: left;\">La formaci\u00f3n se realiza en nuestro punto de Barcelona dentro de SEA YOU:<br \/><a href=\"https:\/\/maps.app.goo.gl\/V6QxVTyffPLUS3hs9\" target=\"_blank\" rel=\"noopener\">https:\/\/maps.app.goo.gl\/V6QxVTyffPLUS3hs9<\/a><\/p><\/div>\n\t\t\t\t<\/div>\n\t\t\t\t\t\t\t<div class=\"elementor-accordion-item\">\n\t\t\t\t\t<div id=\"elementor-tab-title-1654\" class=\"elementor-tab-title\" data-tab=\"4\" role=\"button\" aria-controls=\"elementor-tab-content-1654\" aria-expanded=\"false\">\n\t\t\t\t\t\t\t\t\t\t\t\t\t<span class=\"elementor-accordion-icon elementor-accordion-icon-left\" aria-hidden=\"true\">\n\t\t\t\t\t\t\t\t\t\t\t\t\t\t\t<span class=\"elementor-accordion-icon-closed\"><i class=\"fas fa-water\"><\/i><\/span>\n\t\t\t\t\t\t\t\t<span class=\"elementor-accordion-icon-opened\"><i class=\"fas fa-praying-hands\"><\/i><\/span>\n\t\t\t\t\t\t\t\t\t\t\t\t\t\t<\/span>\n\t\t\t\t\t\t\t\t\t\t\t\t<a class=\"elementor-accordion-title\" tabindex=\"0\">Requisitos<\/a>\n\t\t\t\t\t<\/div>\n\t\t\t\t\t<div id=\"elementor-tab-content-1654\" class=\"elementor-tab-content elementor-clearfix\" data-tab=\"4\" role=\"region\" aria-labelledby=\"elementor-tab-title-1654\"><ul><li>M\u00e1s de 18 a\u00f1os<\/li><li>Competencias b\u00e1sicas para desarrollarse en el agua<\/li><\/ul><\/div>\n\t\t\t\t<\/div>\n\t\t\t\t\t\t\t<div class=\"elementor-accordion-item\">\n\t\t\t\t\t<div id=\"elementor-tab-title-1655\" class=\"elementor-tab-title\" data-tab=\"5\" role=\"button\" aria-controls=\"elementor-tab-content-1655\" aria-expanded=\"false\">\n\t\t\t\t\t\t\t\t\t\t\t\t\t<span class=\"elementor-accordion-icon elementor-accordion-icon-left\" aria-hidden=\"true\">\n\t\t\t\t\t\t\t\t\t\t\t\t\t\t\t<span class=\"elementor-accordion-icon-closed\"><i class=\"fas fa-water\"><\/i><\/span>\n\t\t\t\t\t\t\t\t<span class=\"elementor-accordion-icon-opened\"><i class=\"fas fa-praying-hands\"><\/i><\/span>\n\t\t\t\t\t\t\t\t\t\t\t\t\t\t<\/span>\n\t\t\t\t\t\t\t\t\t\t\t\t<a class=\"elementor-accordion-title\" tabindex=\"0\">M\u00e9todos de pago<\/a>\n\t\t\t\t\t<\/div>\n\t\t\t\t\t<div id=\"elementor-tab-content-1655\" class=\"elementor-tab-content elementor-clearfix\" data-tab=\"5\" role=\"region\" aria-labelledby=\"elementor-tab-title-1655\"><ul><li>Tarjeta<\/li><\/ul><\/div>\n\t\t\t\t<\/div>\n\t\t\t\t\t\t\t<div class=\"elementor-accordion-item\">\n\t\t\t\t\t<div id=\"elementor-tab-title-1656\" class=\"elementor-tab-title\" data-tab=\"6\" role=\"button\" aria-controls=\"elementor-tab-content-1656\" aria-expanded=\"false\">\n\t\t\t\t\t\t\t\t\t\t\t\t\t<span class=\"elementor-accordion-icon elementor-accordion-icon-left\" aria-hidden=\"true\">\n\t\t\t\t\t\t\t\t\t\t\t\t\t\t\t<span class=\"elementor-accordion-icon-closed\"><i class=\"fas fa-water\"><\/i><\/span>\n\t\t\t\t\t\t\t\t<span class=\"elementor-accordion-icon-opened\"><i class=\"fas fa-praying-hands\"><\/i><\/span>\n\t\t\t\t\t\t\t\t\t\t\t\t\t\t<\/span>\n\t\t\t\t\t\t\t\t\t\t\t\t<a class=\"elementor-accordion-title\" tabindex=\"0\">Nuestro Club \"C.S.C\"<\/a>\n\t\t\t\t\t<\/div>\n\t\t\t\t\t<div id=\"elementor-tab-content-1656\" class=\"elementor-tab-content elementor-clearfix\" data-tab=\"6\" role=\"region\" aria-labelledby=\"elementor-tab-title-1656\"><p style=\"text-align: left;\">Formate en el \u00fanico club deportivo de SUP Yoga dedicado a la investigaci\u00f3n, experimentaci\u00f3n y divulgaci\u00f3n de esta disciplina creada por las sinergias entre el Yoga y el Stand Up Paddle Surf.<\/p><p style=\"text-align: left;\">Somos un club registrado por la &#8220;<strong>Generalitat de Catalunya<\/strong>&#8221; donde impulsamos la buena pr\u00e1ctica de la disciplina SUP Yoga y buscamos un est\u00e1ndar para formar a personas competentes con suficientes recursos tanto en Yoga como en Paddle Surf para poder desarrollar clases con total seguridad y confianza en cualquier medio acu\u00e1tico.<\/p><\/div>\n\t\t\t\t<\/div>\n\t\t\t\t\t\t\t\t<\/div>\n\t\t\t\t\t\t<\/div>\n\t\t\t\t<\/div>\n\t\t\t\t<div class=\"elementor-element elementor-element-3b88647 exad-sticky-section-no exad-glass-effect-no elementor-widget elementor-widget-video\" data-id=\"3b88647\" data-element_type=\"widget\" data-e-type=\"widget\" data-settings=\"{&quot;youtube_url&quot;:&quot;https:\\\/\\\/www.youtube.com\\\/watch?v=himFMtOtLww&amp;feature=emb_title&quot;,&quot;video_type&quot;:&quot;youtube&quot;,&quot;controls&quot;:&quot;yes&quot;}\" data-widget_type=\"video.default\">\n\t\t\t\t<div class=\"elementor-widget-container\">\n\t\t\t\t\t\t\t<div class=\"elementor-wrapper elementor-open-inline\">\n\t\t\t<div class=\"elementor-video\"><\/div>\t\t<\/div>\n\t\t\t\t\t\t<\/div>\n\t\t\t\t<\/div>\n\t\t\t\t<div class=\"elementor-element elementor-element-d375695 exad-sticky-section-no exad-glass-effect-no elementor-widget elementor-widget-video\" data-id=\"d375695\" data-element_type=\"widget\" data-e-type=\"widget\" data-settings=\"{&quot;youtube_url&quot;:&quot;https:\\\/\\\/youtu.be\\\/J1qcgTuNpio?si=qFcaSMKY9W8W4JW6&quot;,&quot;video_type&quot;:&quot;youtube&quot;,&quot;controls&quot;:&quot;yes&quot;}\" data-widget_type=\"video.default\">\n\t\t\t\t<div class=\"elementor-widget-container\">\n\t\t\t\t\t\t\t<div class=\"elementor-wrapper elementor-open-inline\">\n\t\t\t<div class=\"elementor-video\"><\/div>\t\t<\/div>\n\t\t\t\t\t\t<\/div>\n\t\t\t\t<\/div>\n\t\t\t\t\t<\/div>\n\t\t<\/div>\n\t\t\t\t\t<\/div>\n\t\t<\/section>\n\t\t\t\t<\/div>\n\t\t","protected":false},"excerpt":{"rendered":"<p class=\"p1\">Trabajamos las bases del SUP Yoga integrando Yoga, Paddle Surf y n\u00e1utica como fundamentos de la pr\u00e1ctica en el medio acu\u00e1tico.<\/p>\n<p class=\"p1\">La formaci\u00f3n incluye conocimientos te\u00f3ricos y pr\u00e1cticos de las disciplinas que conforman el SUP Yoga, profundizando en asanas y sus variaciones sobre la tabla, respiraci\u00f3n consciente, meditaci\u00f3n, enfoque y uso del material, as\u00ed como nociones esenciales de meteorolog\u00eda, anclaje y seguridad.<\/p>\n<p class=\"p1\">Aprender\u00e1s a sentirte estable y seguro\/a en el agua, a comprender c\u00f3mo adaptar la pr\u00e1ctica del yoga a una superficie inestable y a estructurar sesiones b\u00e1sicas de SUP Yoga con control, confianza y respeto por el entorno acu\u00e1tico<\/p>\n<p> &hellip; <a href=\"https:\/\/supyoga.cat\/en\/producto\/formacion-supyoga-nivel-1-abril\/\">Read More<\/a><\/p>\n","protected":false},"featured_media":45860,"template":"","meta":[],"product_brand":[],"product_cat":[46,157],"product_tag":[],"class_list":{"0":"post-58845","1":"product","2":"type-product","3":"status-publish","4":"has-post-thumbnail","6":"product_cat-formacion-supyoga-barcelona","7":"product_cat-formacion-abril","9":"first","10":"instock","11":"virtual","12":"purchasable","13":"product-type-simple"},"_links":{"self":[{"href":"https:\/\/supyoga.cat\/en\/wp-json\/wp\/v2\/product\/58845","targetHints":{"allow":["GET"]}}],"collection":[{"href":"https:\/\/supyoga.cat\/en\/wp-json\/wp\/v2\/product"}],"about":[{"href":"https:\/\/supyoga.cat\/en\/wp-json\/wp\/v2\/types\/product"}],"version-history":[{"count":30,"href":"https:\/\/supyoga.cat\/en\/wp-json\/wp\/v2\/product\/58845\/revisions"}],"predecessor-version":[{"id":60459,"href":"https:\/\/supyoga.cat\/en\/wp-json\/wp\/v2\/product\/58845\/revisions\/60459"}],"wp:featuredmedia":[{"embeddable":true,"href":"https:\/\/supyoga.cat\/en\/wp-json\/wp\/v2\/media\/45860"}],"wp:attachment":[{"href":"https:\/\/supyoga.cat\/en\/wp-json\/wp\/v2\/media?parent=58845"}],"wp:term":[{"taxonomy":"product_brand","embeddable":true,"href":"https:\/\/supyoga.cat\/en\/wp-json\/wp\/v2\/product_brand?post=58845"},{"taxonomy":"product_cat","embeddable":true,"href":"https:\/\/supyoga.cat\/en\/wp-json\/wp\/v2\/product_cat?post=58845"},{"taxonomy":"product_tag","embeddable":true,"href":"https:\/\/supyoga.cat\/en\/wp-json\/wp\/v2\/product_tag?post=58845"}],"curies":[{"name":"wp","href":"https:\/\/api.w.org\/{rel}","templated":true}]}}